{"id":1651,"date":"2019-07-24T16:44:31","date_gmt":"2019-07-24T20:44:31","guid":{"rendered":"https:\/\/localhost:8080\/traviesoevans\/?page_id=1651"},"modified":"2024-01-23T10:52:22","modified_gmt":"2024-01-23T14:52:22","slug":"nuestra-firma","status":"publish","type":"page","link":"https:\/\/www.traviesoevans.com\/travieso\/nuestra-firma\/","title":{"rendered":"Nuestra Firma"},"content":{"rendered":"[vc_row bg_type=\u00bbgrad\u00bb bg_override=\u00bbfull\u00bb css=\u00bb.vc_custom_1563999371561{margin-top: -50px !important;margin-bottom: -50px !important;}\u00bb bg_grad=\u00bbbackground: -webkit-gradient(linear, left top, left bottom, color-stop(0%, #FFFFFF), color-stop(100%, #CFCFCF));background: -moz-linear-gradient(top,#FFFFFF 0%,#CFCFCF 100%);background: -webkit-linear-gradient(top,#FFFFFF 0%,#CFCFCF 100%);background: -o-linear-gradient(top,#FFFFFF 0%,#CFCFCF 100%);background: -ms-linear-gradient(top,#FFFFFF 0%,#CFCFCF 100%);background: linear-gradient(top,#FFFFFF 0%,#CFCFCF 100%);\u00bb][vc_column width=\u00bb1\/6&#8243;][\/vc_column][vc_column width=\u00bb2\/3&#8243;][vc_empty_space][vc_column_text]\n<p style=\"text-align: justify;\"><strong><span style=\"color: #7e9437;\">\u00a0\u00a0\u00a0\u00a0 Travieso Evans Arria &amp; Rengel <\/span><\/strong>fue fundada en 1929 por el Dr. Jos\u00e9 Mar\u00eda Travieso Pa\u00fal, quien se asoci\u00f3 con uno de los m\u00e1s renombrados escritorios jur\u00eddicos de Nueva York de la \u00e9poca, especializado en Derecho Minero y Petrolero en Am\u00e9rica Latina.<\/p>\n<p style=\"text-align: justify;\">\u00a0\u00a0\u00a0\u00a0 La Firma se especializ\u00f3 originalmente en Derecho Petrolero, ampliando sus actividades al Derecho Minero al representar en sus inicios a U.S. Steel en el desarrollo del complejo de la conocida monta\u00f1a de hierro Cerro Bol\u00edvar y su complejo de Puerto Ordaz. A lo largo de los a\u00f1os, la Firma igualmente desarroll\u00f3 una s\u00f3lida pr\u00e1ctica en las \u00e1reas de Derecho Corporativo, Tributario, Laboral, Civil, Administrativo y Regulatorio, Litigios y\u00a0Arbitraje.<\/p>\n<p style=\"text-align: justify;\">\u00a0\u00a0\u00a0 <strong><span style=\"color: #7e9437;\">Travieso Evans Arria &amp; Rengel <\/span><\/strong>cuenta con oficinas propias en las ciudades de Caracas, Maracaibo, Valencia, Barquisimeto y Puerto La Cruz, y est\u00e1 asociada con otros escritorios jur\u00eddicos de Am\u00e9rica Latina y Europa, formando parte del prestigioso \u00abClub de Abogados\u00bb y TAGLaw. Por varios a\u00f1os consecutivos, Travieso Evans Arria Rengel &amp; Paz y sus socios han sido reconocidos dentro de los principales prestadores de servicios jur\u00eddicos en Venezuela por Chambers &amp; Partners, Latin Lawyer y otras publicaciones similares.<\/p>\n<p style=\"text-align: justify;\">\u00a0\u00a0\u00a0\u00a0 La Firma tambi\u00e9n cuenta con una afiliada, TEHAR, S.C., que ofrece todos los servicios relacionados con el registro y manejo de la propiedad intelectual y comercio electr\u00f3nico. TEHAR, S.C. es miembro de la International Trademark Association (INTA), de la Asociaci\u00f3n Interamericana de la Propiedad Intelectual (ASIPI) y del International Association for the Protection of Intellectual Property (AIPPI). TEHAR y su socia principal se encuentran reconocidas como una de las principales firmas en el \u00e1rea de la propiedad intelectual por Chambers &amp; Partners desde el a\u00f1o 2010 y el World Trademark Review (WTR).<\/p>\n[\/vc_column_text][vc_empty_space height=\u00bb50px\u00bb][\/vc_column][vc_column width=\u00bb1\/6&#8243;][\/vc_column][\/vc_row][vc_row full_width=\u00bbstretch_row_content_no_spaces\u00bb css=\u00bb.vc_custom_1564028268788{border-bottom-width: -50px !important;}\u00bb][vc_column]<div id=\"ultimate-video-888969db5637805f4\" class=\"ult-video  vc_custom_1587687753522 ult-adjust-bottom-margin ultimate-video-888969db5637805f4 ultv-4952 \"><div class=\"ultv-video ultv-aspect-ratio-16_9 ultv-subscribe-responsive-none\" data-videotype=\"uv_iframe\">\n\t\t\t\t\t\t<div class=\"ultv-video__outer-wrap\" data-autoplay=\"0\" data-device=\"false\"  data-iconbg=\"#3A3A3A\" data-overcolor=\"\" data-defaultbg=\"#1f1f1e\" data-defaultplay=\"defaulticon\"><div class=\"ultv-video__play\" data-src=\"https:\/\/www.youtube-nocookie.com\/embed\/ZWney5MdFkM?rel=0&amp;start&amp;end&amp;controls=1&amp;mute=0&amp;modestbranding=1&amp;autoplay=1\">\n\t\t\t\t\t\t\t\t<img class=\"ultv-video__thumb\" src=\"https:\/\/i.ytimg.com\/vi\/ZWney5MdFkM\/maxresdefault.jpg\"\/>\n\t\t\t\t\t\t\t\t<div class=\"ultv-video__play-icon  ultv-animation-none\" style=\"width:75px\"><svg height=\"100%\" version=\"1.1\" viewBox=\"0 0 68 48\" width=\"100%\"><path class=\"ultv-youtube-icon-bg\" d=\"m .66,37.62 c 0,0 .66,4.70 2.70,6.77 2.58,2.71 5.98,2.63 7.49,2.91 5.43,.52 23.10,.68 23.12,.68 .00,-1.3e-5 14.29,-0.02 23.81,-0.71 1.32,-0.15 4.22,-0.17 6.81,-2.89 2.03,-2.07 2.70,-6.77 2.70,-6.77 0,0 .67,-5.52 .67,-11.04 l 0,-5.17 c 0,-5.52 -0.67,-11.04 -0.67,-11.04 0,0 -0.66,-4.70 -2.70,-6.77 C 62.03,.86 59.13,.84 57.80,.69 48.28,0 34.00,0 34.00,0 33.97,0 19.69,0 10.18,.69 8.85,.84 5.95,.86 3.36,3.58 1.32,5.65 .66,10.35 .66,10.35 c 0,0 -0.55,4.50 -0.66,9.45 l 0,8.36 c .10,4.94 .66,9.45 .66,9.45 z\" fill=\"#1f1f1e\" ><\/path><path d=\"m 26.96,13.67 18.37,9.62 -18.37,9.55 -0.00,-19.17 z\" fill=\"#fff\"><\/path><path d=\"M 45.02,23.46 45.32,23.28 26.96,13.67 43.32,22.34 45.02,23.46 z\" fill=\"#ccc\"><\/path><\/svg><\/div> <\/div> <\/div><\/div><\/div>[\/vc_column][\/vc_row][vc_row bg_type=\u00bbbg_color\u00bb bg_override=\u00bbex-full\u00bb css=\u00bb.vc_custom_1587689067578{margin-bottom: 0px !important;}\u00bb bg_color_value=\u00bb#cfcfcf\u00bb][vc_column][vc_empty_space height=\u00bb50px\u00bb][vc_btn title=\u00bbVolver al inicio\u00bb color=\u00bbgreen\u00bb align=\u00bbcenter\u00bb css_animation=\u00bbfadeInUp\u00bb smooth_scroll=\u00bbtrue\u00bb link=\u00bburl:https%3A%2F%2Fwww.traviesoevans.com%2Ftravieso%2F|title:Home%20Page\u00bb][vc_empty_space height=\u00bb50px\u00bb][\/vc_column][\/vc_row]\n","protected":false},"excerpt":{"rendered":"<p>[vc_row bg_type=\u00bbgrad\u00bb bg_override=\u00bbfull\u00bb css=\u00bb.vc_custom_1563999371561{margin-top: -50px !important;margin-bottom: -50px !important;}\u00bb bg_grad=\u00bbbackground: -webkit-gradient(linear, left top, left bottom, color-stop(0%, #FFFFFF), color-stop(100%, #CFCFCF));background: -moz-linear-gradient(top,#FFFFFF 0%,#CFCFCF 100%);background: -webkit-linear-gradient(top,#FFFFFF 0%,#CFCFCF 100%);background: -o-linear-gradient(top,#FFFFFF 0%,#CFCFCF 100%);background: -ms-linear-gradient(top,#FFFFFF 0%,#CFCFCF 100%);background: linear-gradient(top,#FFFFFF 0%,#CFCFCF 100%);\u00bb][vc_column width=\u00bb1\/6&#8243;][\/vc_column][vc_column width=\u00bb2\/3&#8243;][vc_empty_space][vc_column_text] \u00a0\u00a0\u00a0\u00a0 Travieso Evans Arria &amp; Rengel fue fundada en 1929 por el Dr. Jos\u00e9 Mar\u00eda Travieso Pa\u00fal, quien se asoci\u00f3&hellip;<\/p>\n","protected":false},"author":4,"featured_media":0,"parent":0,"menu_order":0,"comment_status":"closed","ping_status":"open","template":"","meta":{"_mc_calendar":[]},"yoast_head":"<!-- This site is optimized with the Yoast SEO plugin v20.1 - https:\/\/yoast.com\/wordpress\/plugins\/seo\/ -->\n<title>Nuestra Firma - Travieso Evans Arria &amp; Rengel<\/title>\n<meta name=\"description\" content=\"Travieso Evans Arria &amp; Rengel Nuestra Firma cuenta con oficinas propias en las ciudades de Caracas, Maracaibo, Valencia, Barquisimeto y Puerto La Cruz, y est\u00e1 asociada con otros escritorios jur\u00eddicos de Am\u00e9rica Latina y Europa, formando parte del prestigioso \u00abClub de Abogados\u00bb y TAGLaw. Por varios a\u00f1os consecutivos, Travieso Evans Arria Rengel &amp; Paz y sus socios han sido reconocidos dentro de los principales prestadores de servicios jur\u00eddicos en Venezuela por Chambers &amp; Partners, Latin Lawyer y otras publicaciones similares.\" \/>\n<meta name=\"robots\" content=\"index, follow, max-snippet:-1, max-image-preview:large, max-video-preview:-1\" \/>\n<link rel=\"canonical\" href=\"https:\/\/www.traviesoevans.com\/travieso\/nuestra-firma\/\" \/>\n<meta property=\"og:locale\" content=\"es_ES\" \/>\n<meta property=\"og:type\" content=\"article\" \/>\n<meta property=\"og:title\" content=\"Nuestra Firma - Travieso Evans Arria &amp; Rengel\" \/>\n<meta property=\"og:description\" content=\"Travieso Evans Arria &amp; Rengel Nuestra Firma cuenta con oficinas propias en las ciudades de Caracas, Maracaibo, Valencia, Barquisimeto y Puerto La Cruz, y est\u00e1 asociada con otros escritorios jur\u00eddicos de Am\u00e9rica Latina y Europa, formando parte del prestigioso \u00abClub de Abogados\u00bb y TAGLaw. Por varios a\u00f1os consecutivos, Travieso Evans Arria Rengel &amp; Paz y sus socios han sido reconocidos dentro de los principales prestadores de servicios jur\u00eddicos en Venezuela por Chambers &amp; Partners, Latin Lawyer y otras publicaciones similares.\" \/>\n<meta property=\"og:url\" content=\"https:\/\/www.traviesoevans.com\/travieso\/nuestra-firma\/\" \/>\n<meta property=\"og:site_name\" content=\"Travieso Evans Arria &amp; Rengel\" \/>\n<meta property=\"article:modified_time\" content=\"2024-01-23T14:52:22+00:00\" \/>\n<meta property=\"og:image\" content=\"https:\/\/www.traviesoevans.com\/travieso\/wp-content\/uploads\/2019\/05\/logo-traviesoevans-hd-v1.png\" \/>\n\t<meta property=\"og:image:width\" content=\"200\" \/>\n\t<meta property=\"og:image:height\" content=\"150\" \/>\n\t<meta property=\"og:image:type\" content=\"image\/png\" \/>\n<meta name=\"twitter:card\" content=\"summary_large_image\" \/>\n<meta name=\"twitter:site\" content=\"@traviesoevans\" \/>\n<meta name=\"twitter:label1\" content=\"Tiempo estimado de lectura\" \/>\n\t<meta name=\"twitter:data1\" content=\"2 minutos\" \/>\n<script type=\"application\/ld+json\" class=\"yoast-schema-graph\">{\"@context\":\"https:\/\/schema.org\",\"@graph\":[{\"@type\":\"WebPage\",\"@id\":\"https:\/\/www.traviesoevans.com\/travieso\/nuestra-firma\/\",\"url\":\"https:\/\/www.traviesoevans.com\/travieso\/nuestra-firma\/\",\"name\":\"Nuestra Firma - Travieso Evans Arria &amp; Rengel\",\"isPartOf\":{\"@id\":\"https:\/\/www.traviesoevans.com\/travieso\/#website\"},\"datePublished\":\"2019-07-24T20:44:31+00:00\",\"dateModified\":\"2024-01-23T14:52:22+00:00\",\"description\":\"Travieso Evans Arria &amp; Rengel Nuestra Firma cuenta con oficinas propias en las ciudades de Caracas, Maracaibo, Valencia, Barquisimeto y Puerto La Cruz, y est\u00e1 asociada con otros escritorios jur\u00eddicos de Am\u00e9rica Latina y Europa, formando parte del prestigioso \u00abClub de Abogados\u00bb y TAGLaw. Por varios a\u00f1os consecutivos, Travieso Evans Arria Rengel & Paz y sus socios han sido reconocidos dentro de los principales prestadores de servicios jur\u00eddicos en Venezuela por Chambers & Partners, Latin Lawyer y otras publicaciones similares.\",\"breadcrumb\":{\"@id\":\"https:\/\/www.traviesoevans.com\/travieso\/nuestra-firma\/#breadcrumb\"},\"inLanguage\":\"es\",\"potentialAction\":[{\"@type\":\"ReadAction\",\"target\":[\"https:\/\/www.traviesoevans.com\/travieso\/nuestra-firma\/\"]}]},{\"@type\":\"BreadcrumbList\",\"@id\":\"https:\/\/www.traviesoevans.com\/travieso\/nuestra-firma\/#breadcrumb\",\"itemListElement\":[{\"@type\":\"ListItem\",\"position\":1,\"name\":\"Cover page\",\"item\":\"https:\/\/www.traviesoevans.com\/travieso\/\"},{\"@type\":\"ListItem\",\"position\":2,\"name\":\"Nuestra Firma\"}]},{\"@type\":\"WebSite\",\"@id\":\"https:\/\/www.traviesoevans.com\/travieso\/#website\",\"url\":\"https:\/\/www.traviesoevans.com\/travieso\/\",\"name\":\"Travieso Evans Arria & Rengel\",\"description\":\"La Firma de Abogados de Venezuela.\",\"publisher\":{\"@id\":\"https:\/\/www.traviesoevans.com\/travieso\/#organization\"},\"potentialAction\":[{\"@type\":\"SearchAction\",\"target\":{\"@type\":\"EntryPoint\",\"urlTemplate\":\"https:\/\/www.traviesoevans.com\/travieso\/?s={search_term_string}\"},\"query-input\":\"required name=search_term_string\"}],\"inLanguage\":\"es\"},{\"@type\":\"Organization\",\"@id\":\"https:\/\/www.traviesoevans.com\/travieso\/#organization\",\"name\":\"T&E Travieso Evans Arria & Rengel\",\"url\":\"https:\/\/www.traviesoevans.com\/travieso\/\",\"logo\":{\"@type\":\"ImageObject\",\"inLanguage\":\"es\",\"@id\":\"https:\/\/www.traviesoevans.com\/travieso\/#\/schema\/logo\/image\/\",\"url\":\"https:\/\/www.traviesoevans.com\/travieso\/wp-content\/uploads\/2020\/05\/logo-travieso-login.png\",\"contentUrl\":\"https:\/\/www.traviesoevans.com\/travieso\/wp-content\/uploads\/2020\/05\/logo-travieso-login.png\",\"width\":84,\"height\":84,\"caption\":\"T&E Travieso Evans Arria & Rengel\"},\"image\":{\"@id\":\"https:\/\/www.traviesoevans.com\/travieso\/#\/schema\/logo\/image\/\"},\"sameAs\":[\"https:\/\/twitter.com\/traviesoevans\",\"https:\/\/www.instagram.com\/traviesoevans\/\",\"https:\/\/www.linkedin.com\/in\/travieso-evans-800302172\/\"]}]}<\/script>\n<!-- \/ Yoast SEO plugin. -->","yoast_head_json":{"title":"Nuestra Firma - Travieso Evans Arria &amp; Rengel","description":"Travieso Evans Arria &amp; Rengel Nuestra Firma cuenta con oficinas propias en las ciudades de Caracas, Maracaibo, Valencia, Barquisimeto y Puerto La Cruz, y est\u00e1 asociada con otros escritorios jur\u00eddicos de Am\u00e9rica Latina y Europa, formando parte del prestigioso \u00abClub de Abogados\u00bb y TAGLaw. Por varios a\u00f1os consecutivos, Travieso Evans Arria Rengel & Paz y sus socios han sido reconocidos dentro de los principales prestadores de servicios jur\u00eddicos en Venezuela por Chambers & Partners, Latin Lawyer y otras publicaciones similares.","robots":{"index":"index","follow":"follow","max-snippet":"max-snippet:-1","max-image-preview":"max-image-preview:large","max-video-preview":"max-video-preview:-1"},"canonical":"https:\/\/www.traviesoevans.com\/travieso\/nuestra-firma\/","og_locale":"es_ES","og_type":"article","og_title":"Nuestra Firma - Travieso Evans Arria &amp; Rengel","og_description":"Travieso Evans Arria &amp; Rengel Nuestra Firma cuenta con oficinas propias en las ciudades de Caracas, Maracaibo, Valencia, Barquisimeto y Puerto La Cruz, y est\u00e1 asociada con otros escritorios jur\u00eddicos de Am\u00e9rica Latina y Europa, formando parte del prestigioso \u00abClub de Abogados\u00bb y TAGLaw. Por varios a\u00f1os consecutivos, Travieso Evans Arria Rengel & Paz y sus socios han sido reconocidos dentro de los principales prestadores de servicios jur\u00eddicos en Venezuela por Chambers & Partners, Latin Lawyer y otras publicaciones similares.","og_url":"https:\/\/www.traviesoevans.com\/travieso\/nuestra-firma\/","og_site_name":"Travieso Evans Arria &amp; Rengel","article_modified_time":"2024-01-23T14:52:22+00:00","og_image":[{"width":200,"height":150,"url":"https:\/\/www.traviesoevans.com\/travieso\/wp-content\/uploads\/2019\/05\/logo-traviesoevans-hd-v1.png","type":"image\/png"}],"twitter_card":"summary_large_image","twitter_site":"@traviesoevans","twitter_misc":{"Tiempo estimado de lectura":"2 minutos"},"schema":{"@context":"https:\/\/schema.org","@graph":[{"@type":"WebPage","@id":"https:\/\/www.traviesoevans.com\/travieso\/nuestra-firma\/","url":"https:\/\/www.traviesoevans.com\/travieso\/nuestra-firma\/","name":"Nuestra Firma - Travieso Evans Arria &amp; Rengel","isPartOf":{"@id":"https:\/\/www.traviesoevans.com\/travieso\/#website"},"datePublished":"2019-07-24T20:44:31+00:00","dateModified":"2024-01-23T14:52:22+00:00","description":"Travieso Evans Arria &amp; Rengel Nuestra Firma cuenta con oficinas propias en las ciudades de Caracas, Maracaibo, Valencia, Barquisimeto y Puerto La Cruz, y est\u00e1 asociada con otros escritorios jur\u00eddicos de Am\u00e9rica Latina y Europa, formando parte del prestigioso \u00abClub de Abogados\u00bb y TAGLaw. Por varios a\u00f1os consecutivos, Travieso Evans Arria Rengel & Paz y sus socios han sido reconocidos dentro de los principales prestadores de servicios jur\u00eddicos en Venezuela por Chambers & Partners, Latin Lawyer y otras publicaciones similares.","breadcrumb":{"@id":"https:\/\/www.traviesoevans.com\/travieso\/nuestra-firma\/#breadcrumb"},"inLanguage":"es","potentialAction":[{"@type":"ReadAction","target":["https:\/\/www.traviesoevans.com\/travieso\/nuestra-firma\/"]}]},{"@type":"BreadcrumbList","@id":"https:\/\/www.traviesoevans.com\/travieso\/nuestra-firma\/#breadcrumb","itemListElement":[{"@type":"ListItem","position":1,"name":"Cover page","item":"https:\/\/www.traviesoevans.com\/travieso\/"},{"@type":"ListItem","position":2,"name":"Nuestra Firma"}]},{"@type":"WebSite","@id":"https:\/\/www.traviesoevans.com\/travieso\/#website","url":"https:\/\/www.traviesoevans.com\/travieso\/","name":"Travieso Evans Arria & Rengel","description":"La Firma de Abogados de Venezuela.","publisher":{"@id":"https:\/\/www.traviesoevans.com\/travieso\/#organization"},"potentialAction":[{"@type":"SearchAction","target":{"@type":"EntryPoint","urlTemplate":"https:\/\/www.traviesoevans.com\/travieso\/?s={search_term_string}"},"query-input":"required name=search_term_string"}],"inLanguage":"es"},{"@type":"Organization","@id":"https:\/\/www.traviesoevans.com\/travieso\/#organization","name":"T&E Travieso Evans Arria & Rengel","url":"https:\/\/www.traviesoevans.com\/travieso\/","logo":{"@type":"ImageObject","inLanguage":"es","@id":"https:\/\/www.traviesoevans.com\/travieso\/#\/schema\/logo\/image\/","url":"https:\/\/www.traviesoevans.com\/travieso\/wp-content\/uploads\/2020\/05\/logo-travieso-login.png","contentUrl":"https:\/\/www.traviesoevans.com\/travieso\/wp-content\/uploads\/2020\/05\/logo-travieso-login.png","width":84,"height":84,"caption":"T&E Travieso Evans Arria & Rengel"},"image":{"@id":"https:\/\/www.traviesoevans.com\/travieso\/#\/schema\/logo\/image\/"},"sameAs":["https:\/\/twitter.com\/traviesoevans","https:\/\/www.instagram.com\/traviesoevans\/","https:\/\/www.linkedin.com\/in\/travieso-evans-800302172\/"]}]}},"_links":{"self":[{"href":"https:\/\/www.traviesoevans.com\/travieso\/wp-json\/wp\/v2\/pages\/1651"}],"collection":[{"href":"https:\/\/www.traviesoevans.com\/travieso\/wp-json\/wp\/v2\/pages"}],"about":[{"href":"https:\/\/www.traviesoevans.com\/travieso\/wp-json\/wp\/v2\/types\/page"}],"author":[{"embeddable":true,"href":"https:\/\/www.traviesoevans.com\/travieso\/wp-json\/wp\/v2\/users\/4"}],"replies":[{"embeddable":true,"href":"https:\/\/www.traviesoevans.com\/travieso\/wp-json\/wp\/v2\/comments?post=1651"}],"version-history":[{"count":17,"href":"https:\/\/www.traviesoevans.com\/travieso\/wp-json\/wp\/v2\/pages\/1651\/revisions"}],"predecessor-version":[{"id":6912,"href":"https:\/\/www.traviesoevans.com\/travieso\/wp-json\/wp\/v2\/pages\/1651\/revisions\/6912"}],"wp:attachment":[{"href":"https:\/\/www.traviesoevans.com\/travieso\/wp-json\/wp\/v2\/media?parent=1651"}],"curies":[{"name":"wp","href":"https:\/\/api.w.org\/{rel}","templated":true}]}}