{"id":1907,"date":"2019-09-12T23:35:59","date_gmt":"2019-09-13T03:35:59","guid":{"rendered":"https:\/\/localhost:8080\/traviesoevans\/?page_id=1907"},"modified":"2022-04-11T14:26:41","modified_gmt":"2022-04-11T18:26:41","slug":"energia-derecho-minero","status":"publish","type":"page","link":"https:\/\/www.traviesoevans.com\/travieso\/energia-derecho-minero\/","title":{"rendered":"Energ\u00eda y Derecho Minero"},"content":{"rendered":"[vc_row][vc_column][vc_column_text]\n<h2>Energ\u00eda y Derecho Minero<\/h2>\n<p>Desde su fundaci\u00f3n en la d\u00e9cada de 1920, Travieso Evans Arria Rengel &amp; Paz ha sido una Firma especializada en Derecho Energ\u00e9tico. Representamos a gran parte de las compa\u00f1\u00edas del sector petrolero hasta la nacionalizaci\u00f3n de la industria petrolera en el a\u00f1o 1976 y, posteriormente, a proveedores de servicios de la industria petrolera.<\/p>\n<p>Posteriormente en el proceso de apertura de la industria petrolera durante los a\u00f1os 90, representamos a diversas empresas operadoras, inversionistas, acreedores y empresas de servicios relacionados con el desarrollo de nuevas \u00e1reas ,acuerdos de ganancias compartidas, campos marginales, asociaciones estrat\u00e9gicas (proyectos de crudo extra pesado en la Faja Petrol\u00edfera del Orinoco), asociaciones petroqu\u00edmicas, construcci\u00f3n de infraestructura, desarrollos costa afuera de gas o petr\u00f3leo, apertura de la industria del gas, proyectos de GNL (LNG), contratos de ingenier\u00eda, procura y construcci\u00f3n, apertura del mercado interno de los hidrocarburos, etc.<\/p>\n<p>Participamos efectivamente en la organizaci\u00f3n corporativa, licitaciones y planificaci\u00f3n fiscal, as\u00ed como en la preparaci\u00f3n de propuestas legislativas relacionadas con la apertura de las industrias petrolera y petroqu\u00edmica.<\/p>\n<p>A ra\u00edz de la migraci\u00f3n de las Asociaciones Estrat\u00e9gicas, los Convenios de Ganancias Compartidas y los Convenios Operativos a la estructura de las empresas mixtas en el a\u00f1o 2007, continuamos asesorando a varios de nuestros clientes en la negociaci\u00f3n de los acuerdos de conversi\u00f3n y como accionistas de dichas empresas mixtas en diversas \u00e1reas. Asimismo, hemos representado a clientes en grandes proyectos de desarrollo de infraestructura relacionados con el sector energ\u00e9tico.<\/p>\n<p>Asimismo, nuestra Firma hist\u00f3ricamente ha estado asociada con actividades mineras en Venezuela, comenzando con nuestra representaci\u00f3n de U.S. Steel en el conocido desarrollo de mineral de hierro de Cerro Bol\u00edvar en el \u00e1rea de Puerto Ordaz, durante la d\u00e9cada del 50. Continuamos asesorando a nuestros clientes en la constituci\u00f3n de compa\u00f1\u00edas mineras, as\u00ed como en todas las gestiones requeridas para obtener la autorizaci\u00f3n necesaria para desarrollar actividades mineras. Nuestro trabajo abarca asesor\u00eda en leyes mineras, aspectos tributarios, incorporaci\u00f3n de derechos mineros en relaci\u00f3n con activos y negociaci\u00f3n de concesiones mineras. Representamos a compa\u00f1\u00edas mineras ante todos los organismos gubernamentales pertinentes.<\/p>\n<p>Si usted no tiene a\u00fan una persona contacto en la Firma, puede contactar inicialmente en lo relacionado con esta \u00e1rea de especializaci\u00f3n, a cualquiera de las siguientes personas:[\/vc_column_text][vc_empty_space]<style type=\"text\/css\" data-type=\"the7_shortcodes-inline-css\">.dt-team-shortcode.team-masonry-shortcode-id-c20e4f3811d06aeaaca2481383dc83b5 .team-desc {\n  padding: 20px 20px 20px 20px;\n}\n.dt-team-shortcode.team-masonry-shortcode-id-c20e4f3811d06aeaaca2481383dc83b5 .team-author-name,\n.dt-team-shortcode.team-masonry-shortcode-id-c20e4f3811d06aeaaca2481383dc83b5 .team-author-name a {\n  margin-bottom: 0px;\n  font-weight: bold;\n}\n.dt-team-shortcode.team-masonry-shortcode-id-c20e4f3811d06aeaaca2481383dc83b5 .team-author p {\n  margin-bottom: 10px;\n  font-weight: bold;\n}\n.dt-team-shortcode.team-masonry-shortcode-id-c20e4f3811d06aeaaca2481383dc83b5  .team-media {\n  padding: 0px 0px 0px 0px;\n}\n.dt-team-shortcode.team-masonry-shortcode-id-c20e4f3811d06aeaaca2481383dc83b5 .dt-css-grid .team-media img {\n  max-width: 100%;\n}\n.dt-team-shortcode.team-masonry-shortcode-id-c20e4f3811d06aeaaca2481383dc83b5 .team-content {\n  margin-bottom: 5px;\n}\n.dt-team-shortcode.team-masonry-shortcode-id-c20e4f3811d06aeaaca2481383dc83b5  .team-media,\n.dt-team-shortcode.team-masonry-shortcode-id-c20e4f3811d06aeaaca2481383dc83b5  .team-media a.rollover,\n.dt-team-shortcode.team-masonry-shortcode-id-c20e4f3811d06aeaaca2481383dc83b5  .team-media a.rollover *,\n.dt-team-shortcode.team-masonry-shortcode-id-c20e4f3811d06aeaaca2481383dc83b5  .team-media img {\n  border-radius: 0px;\n}\n.dt-team-shortcode.team-masonry-shortcode-id-c20e4f3811d06aeaaca2481383dc83b5 .soc-ico {\n  margin-bottom: 15px;\n}\n.dt-team-shortcode.team-masonry-shortcode-id-c20e4f3811d06aeaaca2481383dc83b5 .soc-ico a {\n  min-width: 26px;\n  min-height: 26px;\n  font-size: 16px;\n  border-radius: 100px;\n}\n.dt-team-shortcode.team-masonry-shortcode-id-c20e4f3811d06aeaaca2481383dc83b5 .soc-ico a:not(:last-child) {\n  margin-right: 4px;\n}\n.dt-team-shortcode.team-masonry-shortcode-id-c20e4f3811d06aeaaca2481383dc83b5 .soc-ico a:before,\n.dt-team-shortcode.team-masonry-shortcode-id-c20e4f3811d06aeaaca2481383dc83b5 .soc-ico a:after {\n  min-width: 26px;\n  min-height: 26px;\n  padding: inherit;\n}\n.dt-icon-border-on.dt-team-shortcode.team-masonry-shortcode-id-c20e4f3811d06aeaaca2481383dc83b5 .soc-ico a:before {\n  border: 0px solid transparent;\n}\n.dt-team-shortcode.team-masonry-shortcode-id-c20e4f3811d06aeaaca2481383dc83b5 .soc-ico a:hover {\n  font-size: 16px;\n}\n#page .dt-team-shortcode.team-masonry-shortcode-id-c20e4f3811d06aeaaca2481383dc83b5 .soc-ico a:hover .soc-font-icon {\n  color: rgba(255,255,255,0.75);\n  background: none;\n}\n.dt-icon-border-hover-on.dt-team-shortcode.team-masonry-shortcode-id-c20e4f3811d06aeaaca2481383dc83b5 .soc-ico a:after {\n  border: 0px solid transparent;\n}\n#page .dt-team-shortcode.team-masonry-shortcode-id-c20e4f3811d06aeaaca2481383dc83b5 .soc-ico a:not(:hover) .soc-font-icon {\n  color: #ffffff;\n  background: none;\n}\n.dt-team-shortcode.team-masonry-shortcode-id-c20e4f3811d06aeaaca2481383dc83b5 .soc-ico a .soc-font-icon {\n  font-size: 16px;\n}\n.dt-team-shortcode.team-masonry-shortcode-id-c20e4f3811d06aeaaca2481383dc83b5 .filter-bg-decoration .filter-categories a.act {\n  color: #fff;\n}\n.dt-team-shortcode.team-masonry-shortcode-id-c20e4f3811d06aeaaca2481383dc83b5:not(.resize-by-browser-width) .dt-css-grid {\n  grid-row-gap: 30px;\n  grid-column-gap: 30px;\n  grid-template-columns: repeat(auto-fill,minmax(,1fr));\n}\n.cssgridlegacy.no-cssgrid .dt-team-shortcode.team-masonry-shortcode-id-c20e4f3811d06aeaaca2481383dc83b5:not(.resize-by-browser-width) .dt-css-grid,\n.no-cssgridlegacy.no-cssgrid .dt-team-shortcode.team-masonry-shortcode-id-c20e4f3811d06aeaaca2481383dc83b5:not(.resize-by-browser-width) .dt-css-grid {\n  display: flex;\n  flex-flow: row wrap;\n  margin: -15px;\n}\n.cssgridlegacy.no-cssgrid .dt-team-shortcode.team-masonry-shortcode-id-c20e4f3811d06aeaaca2481383dc83b5:not(.resize-by-browser-width) .dt-css-grid .wf-cell,\n.no-cssgridlegacy.no-cssgrid .dt-team-shortcode.team-masonry-shortcode-id-c20e4f3811d06aeaaca2481383dc83b5:not(.resize-by-browser-width) .dt-css-grid .wf-cell {\n  flex: 1 0 ;\n  max-width: 100%;\n  padding: 15px;\n  box-sizing: border-box;\n}\n.dt-team-shortcode.team-masonry-shortcode-id-c20e4f3811d06aeaaca2481383dc83b5.resize-by-browser-width .dt-css-grid {\n  grid-template-columns: repeat(3,1fr);\n  grid-template-rows: auto;\n  grid-column-gap: 30px;\n  grid-row-gap: 30px;\n}\n.cssgridlegacy.no-cssgrid .dt-team-shortcode.team-masonry-shortcode-id-c20e4f3811d06aeaaca2481383dc83b5.resize-by-browser-width .dt-css-grid,\n.no-cssgridlegacy.no-cssgrid .dt-team-shortcode.team-masonry-shortcode-id-c20e4f3811d06aeaaca2481383dc83b5.resize-by-browser-width .dt-css-grid {\n  margin: -15px;\n}\n.cssgridlegacy.no-cssgrid .dt-team-shortcode.team-masonry-shortcode-id-c20e4f3811d06aeaaca2481383dc83b5.resize-by-browser-width .dt-css-grid .wf-cell,\n.no-cssgridlegacy.no-cssgrid .dt-team-shortcode.team-masonry-shortcode-id-c20e4f3811d06aeaaca2481383dc83b5.resize-by-browser-width .dt-css-grid .wf-cell {\n  width: 33.333333333333%;\n  padding: 15px;\n}\n@media screen and (max-width: 1199px) {\n  .dt-team-shortcode.team-masonry-shortcode-id-c20e4f3811d06aeaaca2481383dc83b5.resize-by-browser-width .dt-css-grid {\n    grid-template-columns: repeat(3,1fr);\n  }\n  .cssgridlegacy.no-cssgrid .dt-team-shortcode.team-masonry-shortcode-id-c20e4f3811d06aeaaca2481383dc83b5.resize-by-browser-width .dt-css-grid .wf-cell,\n  .no-cssgridlegacy.no-cssgrid .dt-team-shortcode.team-masonry-shortcode-id-c20e4f3811d06aeaaca2481383dc83b5.resize-by-browser-width .dt-css-grid .wf-cell {\n    width: 33.333333333333%;\n  }\n}\n@media screen and (max-width: 991px) {\n  .dt-team-shortcode.team-masonry-shortcode-id-c20e4f3811d06aeaaca2481383dc83b5.resize-by-browser-width .dt-css-grid {\n    grid-template-columns: repeat(2,1fr);\n  }\n  .cssgridlegacy.no-cssgrid .dt-team-shortcode.team-masonry-shortcode-id-c20e4f3811d06aeaaca2481383dc83b5.resize-by-browser-width .dt-css-grid .wf-cell,\n  .no-cssgridlegacy.no-cssgrid .dt-team-shortcode.team-masonry-shortcode-id-c20e4f3811d06aeaaca2481383dc83b5.resize-by-browser-width .dt-css-grid .wf-cell {\n    width: 50%;\n  }\n}\n@media screen and (max-width: 767px) {\n  .dt-team-shortcode.team-masonry-shortcode-id-c20e4f3811d06aeaaca2481383dc83b5.resize-by-browser-width .dt-css-grid {\n    grid-template-columns: repeat(1,1fr);\n  }\n  .cssgridlegacy.no-cssgrid .dt-team-shortcode.team-masonry-shortcode-id-c20e4f3811d06aeaaca2481383dc83b5.resize-by-browser-width .dt-css-grid .wf-cell,\n  .no-cssgridlegacy.no-cssgrid .dt-team-shortcode.team-masonry-shortcode-id-c20e4f3811d06aeaaca2481383dc83b5.resize-by-browser-width .dt-css-grid .wf-cell {\n    width: 100%;\n  }\n}\n<\/style><div class=\"dt-team-masonry-shortcode dt-team-shortcode team-masonry-shortcode-id-c20e4f3811d06aeaaca2481383dc83b5 loading-effect-fade-in mode-grid jquery-filter content-align-center content-bg-on dt-css-grid-wrap scale-img dt-css-grid-wrap dt-icon-bg-on dt-icon-border-on dt-icon-hover-bg-on dt-icon-border-hover-on move-icons-under-position resize-by-browser-width  \" data-padding=\"15px\" data-cur-page=\"1\" data-post-limit=\"-1\" data-pagination-mode=\"none\" data-desktop-columns-num=\"3\" data-v-tablet-columns-num=\"2\" data-h-tablet-columns-num=\"3\" data-phone-columns-num=\"1\" data-width=\"0px\" data-columns=\"0\"><div class=\"dt-css-grid\" ><div class=\"visible wf-cell\" data-post-id=\"1593\" data-date=\"2019-07-24T17:09:12-04:00\" data-name=\"Eduardo Travieso Uribe\"><div class=\"team-container visible post post-1593 dt_team type-dt_team status-publish has-post-thumbnail hentry dt_team_category-socio dt_team_category-socios-caracas dt_team_category-6 dt_team_category-60\"><div class=\"team-media\"><a href=\"https:\/\/www.traviesoevans.com\/travieso\/dt_team\/eduardo-travieso-uribe\/\" class=\"rollover layzr-bg\"><img class=\"preload-me iso-lazy-load\" src=\"data:image\/svg+xml,%3Csvg%20xmlns%3D&#39;http%3A%2F%2Fwww.w3.org%2F2000%2Fsvg&#39;%20viewBox%3D&#39;0%200%20550%20550&#39;%2F%3E\" data-src=\"https:\/\/www.traviesoevans.com\/travieso\/wp-content\/uploads\/2019\/07\/traviesoevnas_socio_etu.jpg\" data-srcset=\"https:\/\/www.traviesoevans.com\/travieso\/wp-content\/uploads\/2019\/07\/traviesoevnas_socio_etu.jpg 550w\" width=\"550\" height=\"550\"  title=\"traviesoevnas_socio_etu\" alt=\"socio traviesoevans\" \/><\/a><\/div><div class=\"team-desc\"><div class=\"team-author\"><div class=\"team-author-name\"><a href=\"https:\/\/www.traviesoevans.com\/travieso\/dt_team\/eduardo-travieso-uribe\/\">Eduardo Travieso Uribe<\/a><\/div><p>Socio<\/p><\/div><div class=\"team-content\"><p>Miembro de Travieso Evans Arria $ Rengel desde 1983 y socio \u00a0desde 1992. Socio coordinador de Travieso Evans Arria &#038; Rengel.<\/p>\n<\/div><div class=\"soc-ico\"><a title=\"E-mail\" href=\"mailto:etu@traviesoevans.com\" target=\"_top\" class=\"mail\"><span class=\"soc-font-icon\"><\/span><span class=\"screen-reader-text\">E-mail<\/span><\/a><\/div>\n<a href=\"https:\/\/www.traviesoevans.com\/travieso\/dt_team\/eduardo-travieso-uribe\/\" class=\"post-details details-type-link\" aria-label=\"Read more about Eduardo Travieso Uribe\">Ver detalles<i class=\"dt-icon-the7-arrow-03\" aria-hidden=\"true\"><\/i><\/a>\n<\/div><\/div><\/div><div class=\"visible wf-cell\" data-post-id=\"1596\" data-date=\"2019-07-24T17:29:07-04:00\" data-name=\"Sim\u00f3n Guevara Camacho\"><div class=\"team-container visible post post-1596 dt_team type-dt_team status-publish has-post-thumbnail hentry dt_team_category-socio dt_team_category-socios-caracas dt_team_category-6 dt_team_category-60\"><div class=\"team-media\"><a href=\"https:\/\/www.traviesoevans.com\/travieso\/dt_team\/simon-guevara-camacho\/\" class=\"rollover layzr-bg\"><img class=\"preload-me iso-lazy-load\" src=\"data:image\/svg+xml,%3Csvg%20xmlns%3D&#39;http%3A%2F%2Fwww.w3.org%2F2000%2Fsvg&#39;%20viewBox%3D&#39;0%200%20550%20550&#39;%2F%3E\" data-src=\"https:\/\/www.traviesoevans.com\/travieso\/wp-content\/uploads\/2019\/07\/traviesoevnas_socio_sgc.jpg\" data-srcset=\"https:\/\/www.traviesoevans.com\/travieso\/wp-content\/uploads\/2019\/07\/traviesoevnas_socio_sgc.jpg 550w\" width=\"550\" height=\"550\"  title=\"traviesoevnas_socio_sgc\" alt=\"socio traviesoevans\" \/><\/a><\/div><div class=\"team-desc\"><div class=\"team-author\"><div class=\"team-author-name\"><a href=\"https:\/\/www.traviesoevans.com\/travieso\/dt_team\/simon-guevara-camacho\/\">Sim\u00f3n Guevara Camacho<\/a><\/div><p>Socio<\/p><\/div><div class=\"team-content\"><p>Miembro de Travieso Evans Arria &#038; Rengel desde 1988 y socio desde 1996.<\/p>\n<\/div><div class=\"soc-ico\"><a title=\"E-mail\" href=\"mailto:sgc@traviesoevans.com\" target=\"_top\" class=\"mail\"><span class=\"soc-font-icon\"><\/span><span class=\"screen-reader-text\">E-mail<\/span><\/a><\/div>\n<a href=\"https:\/\/www.traviesoevans.com\/travieso\/dt_team\/simon-guevara-camacho\/\" class=\"post-details details-type-link\" aria-label=\"Read more about Sim\u00f3n Guevara Camacho\">Ver detalles<i class=\"dt-icon-the7-arrow-03\" aria-hidden=\"true\"><\/i><\/a>\n<\/div><\/div><\/div><\/div><!-- iso-container|iso-grid --><\/div>[vc_empty_space][\/vc_column][\/vc_row]\n","protected":false},"excerpt":{"rendered":"<p>[vc_row][vc_column][vc_column_text] Energ\u00eda y Derecho Minero Desde su fundaci\u00f3n en la d\u00e9cada de 1920, Travieso Evans Arria Rengel &amp; Paz ha sido una Firma especializada en Derecho Energ\u00e9tico. Representamos a gran parte de las compa\u00f1\u00edas del sector petrolero hasta la nacionalizaci\u00f3n de la industria petrolera en el a\u00f1o 1976 y, posteriormente, a proveedores de servicios de&hellip;<\/p>\n","protected":false},"author":4,"featured_media":0,"parent":0,"menu_order":0,"comment_status":"closed","ping_status":"closed","template":"","meta":{"_mc_calendar":[]},"yoast_head":"<!-- This site is optimized with the Yoast SEO plugin v20.1 - https:\/\/yoast.com\/wordpress\/plugins\/seo\/ -->\n<title>Energ\u00eda y Derecho Minero - Travieso Evans Arria &amp; Rengel<\/title>\n<meta name=\"description\" content=\"En T&amp;E Travieso Evans, somos Especialistas en Energ\u00eda y Derecho Minero\" \/>\n<meta name=\"robots\" content=\"index, follow, max-snippet:-1, max-image-preview:large, max-video-preview:-1\" \/>\n<link rel=\"canonical\" href=\"https:\/\/www.traviesoevans.com\/travieso\/energia-derecho-minero\/\" \/>\n<meta property=\"og:locale\" content=\"es_ES\" \/>\n<meta property=\"og:type\" content=\"article\" \/>\n<meta property=\"og:title\" content=\"Energ\u00eda y Derecho Minero - Travieso Evans Arria &amp; Rengel\" \/>\n<meta property=\"og:description\" content=\"En T&amp;E Travieso Evans, somos Especialistas en Energ\u00eda y Derecho Minero\" \/>\n<meta property=\"og:url\" content=\"https:\/\/www.traviesoevans.com\/travieso\/energia-derecho-minero\/\" \/>\n<meta property=\"og:site_name\" content=\"Travieso Evans Arria &amp; Rengel\" \/>\n<meta property=\"article:modified_time\" content=\"2022-04-11T18:26:41+00:00\" \/>\n<meta property=\"og:image\" content=\"https:\/\/www.traviesoevans.com\/travieso\/wp-content\/uploads\/2019\/05\/logo-traviesoevans-hd-v1.png\" \/>\n\t<meta property=\"og:image:width\" content=\"200\" \/>\n\t<meta property=\"og:image:height\" content=\"150\" \/>\n\t<meta property=\"og:image:type\" content=\"image\/png\" \/>\n<meta name=\"twitter:card\" content=\"summary_large_image\" \/>\n<meta name=\"twitter:site\" content=\"@traviesoevans\" \/>\n<meta name=\"twitter:label1\" content=\"Tiempo estimado de lectura\" \/>\n\t<meta name=\"twitter:data1\" content=\"2 minutos\" \/>\n<script type=\"application\/ld+json\" class=\"yoast-schema-graph\">{\"@context\":\"https:\/\/schema.org\",\"@graph\":[{\"@type\":\"WebPage\",\"@id\":\"https:\/\/www.traviesoevans.com\/travieso\/energia-derecho-minero\/\",\"url\":\"https:\/\/www.traviesoevans.com\/travieso\/energia-derecho-minero\/\",\"name\":\"Energ\u00eda y Derecho Minero - Travieso Evans Arria &amp; Rengel\",\"isPartOf\":{\"@id\":\"https:\/\/www.traviesoevans.com\/travieso\/#website\"},\"datePublished\":\"2019-09-13T03:35:59+00:00\",\"dateModified\":\"2022-04-11T18:26:41+00:00\",\"description\":\"En T&E Travieso Evans, somos Especialistas en Energ\u00eda y Derecho Minero\",\"breadcrumb\":{\"@id\":\"https:\/\/www.traviesoevans.com\/travieso\/energia-derecho-minero\/#breadcrumb\"},\"inLanguage\":\"es\",\"potentialAction\":[{\"@type\":\"ReadAction\",\"target\":[\"https:\/\/www.traviesoevans.com\/travieso\/energia-derecho-minero\/\"]}]},{\"@type\":\"BreadcrumbList\",\"@id\":\"https:\/\/www.traviesoevans.com\/travieso\/energia-derecho-minero\/#breadcrumb\",\"itemListElement\":[{\"@type\":\"ListItem\",\"position\":1,\"name\":\"Cover page\",\"item\":\"https:\/\/www.traviesoevans.com\/travieso\/\"},{\"@type\":\"ListItem\",\"position\":2,\"name\":\"Energ\u00eda y Derecho Minero\"}]},{\"@type\":\"WebSite\",\"@id\":\"https:\/\/www.traviesoevans.com\/travieso\/#website\",\"url\":\"https:\/\/www.traviesoevans.com\/travieso\/\",\"name\":\"Travieso Evans Arria & Rengel\",\"description\":\"La Firma de Abogados de Venezuela.\",\"publisher\":{\"@id\":\"https:\/\/www.traviesoevans.com\/travieso\/#organization\"},\"potentialAction\":[{\"@type\":\"SearchAction\",\"target\":{\"@type\":\"EntryPoint\",\"urlTemplate\":\"https:\/\/www.traviesoevans.com\/travieso\/?s={search_term_string}\"},\"query-input\":\"required name=search_term_string\"}],\"inLanguage\":\"es\"},{\"@type\":\"Organization\",\"@id\":\"https:\/\/www.traviesoevans.com\/travieso\/#organization\",\"name\":\"T&E Travieso Evans Arria & Rengel\",\"url\":\"https:\/\/www.traviesoevans.com\/travieso\/\",\"logo\":{\"@type\":\"ImageObject\",\"inLanguage\":\"es\",\"@id\":\"https:\/\/www.traviesoevans.com\/travieso\/#\/schema\/logo\/image\/\",\"url\":\"https:\/\/www.traviesoevans.com\/travieso\/wp-content\/uploads\/2020\/05\/logo-travieso-login.png\",\"contentUrl\":\"https:\/\/www.traviesoevans.com\/travieso\/wp-content\/uploads\/2020\/05\/logo-travieso-login.png\",\"width\":84,\"height\":84,\"caption\":\"T&E Travieso Evans Arria & Rengel\"},\"image\":{\"@id\":\"https:\/\/www.traviesoevans.com\/travieso\/#\/schema\/logo\/image\/\"},\"sameAs\":[\"https:\/\/twitter.com\/traviesoevans\",\"https:\/\/www.instagram.com\/traviesoevans\/\",\"https:\/\/www.linkedin.com\/in\/travieso-evans-800302172\/\"]}]}<\/script>\n<!-- \/ Yoast SEO plugin. -->","yoast_head_json":{"title":"Energ\u00eda y Derecho Minero - Travieso Evans Arria &amp; Rengel","description":"En T&E Travieso Evans, somos Especialistas en Energ\u00eda y Derecho Minero","robots":{"index":"index","follow":"follow","max-snippet":"max-snippet:-1","max-image-preview":"max-image-preview:large","max-video-preview":"max-video-preview:-1"},"canonical":"https:\/\/www.traviesoevans.com\/travieso\/energia-derecho-minero\/","og_locale":"es_ES","og_type":"article","og_title":"Energ\u00eda y Derecho Minero - Travieso Evans Arria &amp; Rengel","og_description":"En T&E Travieso Evans, somos Especialistas en Energ\u00eda y Derecho Minero","og_url":"https:\/\/www.traviesoevans.com\/travieso\/energia-derecho-minero\/","og_site_name":"Travieso Evans Arria &amp; Rengel","article_modified_time":"2022-04-11T18:26:41+00:00","og_image":[{"width":200,"height":150,"url":"https:\/\/www.traviesoevans.com\/travieso\/wp-content\/uploads\/2019\/05\/logo-traviesoevans-hd-v1.png","type":"image\/png"}],"twitter_card":"summary_large_image","twitter_site":"@traviesoevans","twitter_misc":{"Tiempo estimado de lectura":"2 minutos"},"schema":{"@context":"https:\/\/schema.org","@graph":[{"@type":"WebPage","@id":"https:\/\/www.traviesoevans.com\/travieso\/energia-derecho-minero\/","url":"https:\/\/www.traviesoevans.com\/travieso\/energia-derecho-minero\/","name":"Energ\u00eda y Derecho Minero - Travieso Evans Arria &amp; Rengel","isPartOf":{"@id":"https:\/\/www.traviesoevans.com\/travieso\/#website"},"datePublished":"2019-09-13T03:35:59+00:00","dateModified":"2022-04-11T18:26:41+00:00","description":"En T&E Travieso Evans, somos Especialistas en Energ\u00eda y Derecho Minero","breadcrumb":{"@id":"https:\/\/www.traviesoevans.com\/travieso\/energia-derecho-minero\/#breadcrumb"},"inLanguage":"es","potentialAction":[{"@type":"ReadAction","target":["https:\/\/www.traviesoevans.com\/travieso\/energia-derecho-minero\/"]}]},{"@type":"BreadcrumbList","@id":"https:\/\/www.traviesoevans.com\/travieso\/energia-derecho-minero\/#breadcrumb","itemListElement":[{"@type":"ListItem","position":1,"name":"Cover page","item":"https:\/\/www.traviesoevans.com\/travieso\/"},{"@type":"ListItem","position":2,"name":"Energ\u00eda y Derecho Minero"}]},{"@type":"WebSite","@id":"https:\/\/www.traviesoevans.com\/travieso\/#website","url":"https:\/\/www.traviesoevans.com\/travieso\/","name":"Travieso Evans Arria & Rengel","description":"La Firma de Abogados de Venezuela.","publisher":{"@id":"https:\/\/www.traviesoevans.com\/travieso\/#organization"},"potentialAction":[{"@type":"SearchAction","target":{"@type":"EntryPoint","urlTemplate":"https:\/\/www.traviesoevans.com\/travieso\/?s={search_term_string}"},"query-input":"required name=search_term_string"}],"inLanguage":"es"},{"@type":"Organization","@id":"https:\/\/www.traviesoevans.com\/travieso\/#organization","name":"T&E Travieso Evans Arria & Rengel","url":"https:\/\/www.traviesoevans.com\/travieso\/","logo":{"@type":"ImageObject","inLanguage":"es","@id":"https:\/\/www.traviesoevans.com\/travieso\/#\/schema\/logo\/image\/","url":"https:\/\/www.traviesoevans.com\/travieso\/wp-content\/uploads\/2020\/05\/logo-travieso-login.png","contentUrl":"https:\/\/www.traviesoevans.com\/travieso\/wp-content\/uploads\/2020\/05\/logo-travieso-login.png","width":84,"height":84,"caption":"T&E Travieso Evans Arria & Rengel"},"image":{"@id":"https:\/\/www.traviesoevans.com\/travieso\/#\/schema\/logo\/image\/"},"sameAs":["https:\/\/twitter.com\/traviesoevans","https:\/\/www.instagram.com\/traviesoevans\/","https:\/\/www.linkedin.com\/in\/travieso-evans-800302172\/"]}]}},"_links":{"self":[{"href":"https:\/\/www.traviesoevans.com\/travieso\/wp-json\/wp\/v2\/pages\/1907"}],"collection":[{"href":"https:\/\/www.traviesoevans.com\/travieso\/wp-json\/wp\/v2\/pages"}],"about":[{"href":"https:\/\/www.traviesoevans.com\/travieso\/wp-json\/wp\/v2\/types\/page"}],"author":[{"embeddable":true,"href":"https:\/\/www.traviesoevans.com\/travieso\/wp-json\/wp\/v2\/users\/4"}],"replies":[{"embeddable":true,"href":"https:\/\/www.traviesoevans.com\/travieso\/wp-json\/wp\/v2\/comments?post=1907"}],"version-history":[{"count":5,"href":"https:\/\/www.traviesoevans.com\/travieso\/wp-json\/wp\/v2\/pages\/1907\/revisions"}],"predecessor-version":[{"id":2161,"href":"https:\/\/www.traviesoevans.com\/travieso\/wp-json\/wp\/v2\/pages\/1907\/revisions\/2161"}],"wp:attachment":[{"href":"https:\/\/www.traviesoevans.com\/travieso\/wp-json\/wp\/v2\/media?parent=1907"}],"curies":[{"name":"wp","href":"https:\/\/api.w.org\/{rel}","templated":true}]}}