{"id":1913,"date":"2019-09-12T23:42:26","date_gmt":"2019-09-13T03:42:26","guid":{"rendered":"https:\/\/localhost:8080\/traviesoevans\/?page_id=1913"},"modified":"2022-04-11T14:36:56","modified_gmt":"2022-04-11T18:36:56","slug":"litigios-arbitraje","status":"publish","type":"page","link":"https:\/\/www.traviesoevans.com\/travieso\/litigios-arbitraje\/","title":{"rendered":"Litigios y Arbitraje"},"content":{"rendered":"<p>l[vc_row][vc_column][vc_column_text]\n<h2>Litigios, Arbitraje y Otros Medios Alternativos de Resoluci\u00f3n de Controversias<\/h2>\n<p>Representamos a nuestros clientes en litigios de \u00edndole civil y comercial, incluyendo juicios y arbitrajes relativos a contratos internacionales, contratos de ingenier\u00eda, procura y construcci\u00f3n, contratos de representaci\u00f3n, distribuci\u00f3n, asociaci\u00f3n y suministro, adem\u00e1s en la ejecuci\u00f3n de todo tipo de contratos y garant\u00edas, arrendamientos, cobranzas, quiebras y atrasos; demandas por competencia desleal, productos defectuosos y da\u00f1os y perjuicios en general, entre otros.<\/p>\n<p>Varios de los integrantes de nuestro Departamento de Litigios son actualmente profesores de Derecho Procesal Civil, de Negociaci\u00f3n, Arbitraje y M\u00e9todos Alternativos de Resoluci\u00f3n de Controversias en las Universidades m\u00e1s reconocidas del pa\u00eds. Nuestra experiencia abarca el arbitraje internacional y nacional, especialmente conforme a las normas del Centro de Arbitraje de la C\u00e1mara de Comercio Internacional (CCI), el Centro Internacional de Arreglo de Diferencias Relativas a Inversiones (CIADI), el Centro Empresarial de Conciliaci\u00f3n y Arbitraje (CEDCA) y el Centro de Arbitraje de la C\u00e1mara de Caracas (CCC).<\/p>\n<p>Abogados que han formado parte de nuestro Departamento de Litigios han participado en la redacci\u00f3n del C\u00f3digo de Procedimiento Civil vigente, la Ley de Carrera Judicial y el Reglamento del Centro Empresarial de Conciliaci\u00f3n y Arbitraje (CEDCA).<\/p>\n<p>Nuestros abogados tambi\u00e9n tienen amplia experiencia en negociaciones para lograr acuerdos extrajudiciales, as\u00ed como en otros medios alternativos de resoluci\u00f3n de conflictos como la mediaci\u00f3n y la conciliaci\u00f3n. Los abogados litigantes de la Firma han sido tradicionalmente calificados entre los mejores del pa\u00eds, especialmente en lo que concierne al ejercicio de recursos ante el Tribunal Supremo de Justicia, en material civil y mercantil.<\/p>\n<p>Si usted no tiene a\u00fan una persona contacto en la Firma, puede contactar inicialmente en lo relacionado con esta \u00e1rea de especializaci\u00f3n, a cualquiera de las siguientes personas:[\/vc_column_text][vc_empty_space]<style type=\"text\/css\" data-type=\"the7_shortcodes-inline-css\">.dt-team-shortcode.team-masonry-shortcode-id-4cae630edfbb9e63fd0ce4c45eb18744 .team-desc {\n  padding: 20px 20px 20px 20px;\n}\n.dt-team-shortcode.team-masonry-shortcode-id-4cae630edfbb9e63fd0ce4c45eb18744 .team-author-name,\n.dt-team-shortcode.team-masonry-shortcode-id-4cae630edfbb9e63fd0ce4c45eb18744 .team-author-name a {\n  margin-bottom: 0px;\n  font-weight: bold;\n}\n.dt-team-shortcode.team-masonry-shortcode-id-4cae630edfbb9e63fd0ce4c45eb18744 .team-author p {\n  margin-bottom: 10px;\n  font-weight: bold;\n}\n.dt-team-shortcode.team-masonry-shortcode-id-4cae630edfbb9e63fd0ce4c45eb18744  .team-media {\n  padding: 0px 0px 0px 0px;\n}\n.dt-team-shortcode.team-masonry-shortcode-id-4cae630edfbb9e63fd0ce4c45eb18744 .dt-css-grid .team-media img {\n  max-width: 100%;\n}\n.dt-team-shortcode.team-masonry-shortcode-id-4cae630edfbb9e63fd0ce4c45eb18744 .team-content {\n  margin-bottom: 5px;\n}\n.dt-team-shortcode.team-masonry-shortcode-id-4cae630edfbb9e63fd0ce4c45eb18744  .team-media,\n.dt-team-shortcode.team-masonry-shortcode-id-4cae630edfbb9e63fd0ce4c45eb18744  .team-media a.rollover,\n.dt-team-shortcode.team-masonry-shortcode-id-4cae630edfbb9e63fd0ce4c45eb18744  .team-media a.rollover *,\n.dt-team-shortcode.team-masonry-shortcode-id-4cae630edfbb9e63fd0ce4c45eb18744  .team-media img {\n  border-radius: 0px;\n}\n.dt-team-shortcode.team-masonry-shortcode-id-4cae630edfbb9e63fd0ce4c45eb18744 .soc-ico {\n  margin-bottom: 15px;\n}\n.dt-team-shortcode.team-masonry-shortcode-id-4cae630edfbb9e63fd0ce4c45eb18744 .soc-ico a {\n  min-width: 26px;\n  min-height: 26px;\n  font-size: 16px;\n  border-radius: 100px;\n}\n.dt-team-shortcode.team-masonry-shortcode-id-4cae630edfbb9e63fd0ce4c45eb18744 .soc-ico a:not(:last-child) {\n  margin-right: 4px;\n}\n.dt-team-shortcode.team-masonry-shortcode-id-4cae630edfbb9e63fd0ce4c45eb18744 .soc-ico a:before,\n.dt-team-shortcode.team-masonry-shortcode-id-4cae630edfbb9e63fd0ce4c45eb18744 .soc-ico a:after {\n  min-width: 26px;\n  min-height: 26px;\n  padding: inherit;\n}\n.dt-icon-border-on.dt-team-shortcode.team-masonry-shortcode-id-4cae630edfbb9e63fd0ce4c45eb18744 .soc-ico a:before {\n  border: 0px solid transparent;\n}\n.dt-team-shortcode.team-masonry-shortcode-id-4cae630edfbb9e63fd0ce4c45eb18744 .soc-ico a:hover {\n  font-size: 16px;\n}\n#page .dt-team-shortcode.team-masonry-shortcode-id-4cae630edfbb9e63fd0ce4c45eb18744 .soc-ico a:hover .soc-font-icon {\n  color: rgba(255,255,255,0.75);\n  background: none;\n}\n.dt-icon-border-hover-on.dt-team-shortcode.team-masonry-shortcode-id-4cae630edfbb9e63fd0ce4c45eb18744 .soc-ico a:after {\n  border: 0px solid transparent;\n}\n#page .dt-team-shortcode.team-masonry-shortcode-id-4cae630edfbb9e63fd0ce4c45eb18744 .soc-ico a:not(:hover) .soc-font-icon {\n  color: #ffffff;\n  background: none;\n}\n.dt-team-shortcode.team-masonry-shortcode-id-4cae630edfbb9e63fd0ce4c45eb18744 .soc-ico a .soc-font-icon {\n  font-size: 16px;\n}\n.dt-team-shortcode.team-masonry-shortcode-id-4cae630edfbb9e63fd0ce4c45eb18744 .filter-bg-decoration .filter-categories a.act {\n  color: #fff;\n}\n.dt-team-shortcode.team-masonry-shortcode-id-4cae630edfbb9e63fd0ce4c45eb18744:not(.resize-by-browser-width) .dt-css-grid {\n  grid-row-gap: 30px;\n  grid-column-gap: 30px;\n  grid-template-columns: repeat(auto-fill,minmax(,1fr));\n}\n.cssgridlegacy.no-cssgrid .dt-team-shortcode.team-masonry-shortcode-id-4cae630edfbb9e63fd0ce4c45eb18744:not(.resize-by-browser-width) .dt-css-grid,\n.no-cssgridlegacy.no-cssgrid .dt-team-shortcode.team-masonry-shortcode-id-4cae630edfbb9e63fd0ce4c45eb18744:not(.resize-by-browser-width) .dt-css-grid {\n  display: flex;\n  flex-flow: row wrap;\n  margin: -15px;\n}\n.cssgridlegacy.no-cssgrid .dt-team-shortcode.team-masonry-shortcode-id-4cae630edfbb9e63fd0ce4c45eb18744:not(.resize-by-browser-width) .dt-css-grid .wf-cell,\n.no-cssgridlegacy.no-cssgrid .dt-team-shortcode.team-masonry-shortcode-id-4cae630edfbb9e63fd0ce4c45eb18744:not(.resize-by-browser-width) .dt-css-grid .wf-cell {\n  flex: 1 0 ;\n  max-width: 100%;\n  padding: 15px;\n  box-sizing: border-box;\n}\n.dt-team-shortcode.team-masonry-shortcode-id-4cae630edfbb9e63fd0ce4c45eb18744.resize-by-browser-width .dt-css-grid {\n  grid-template-columns: repeat(3,1fr);\n  grid-template-rows: auto;\n  grid-column-gap: 30px;\n  grid-row-gap: 30px;\n}\n.cssgridlegacy.no-cssgrid .dt-team-shortcode.team-masonry-shortcode-id-4cae630edfbb9e63fd0ce4c45eb18744.resize-by-browser-width .dt-css-grid,\n.no-cssgridlegacy.no-cssgrid .dt-team-shortcode.team-masonry-shortcode-id-4cae630edfbb9e63fd0ce4c45eb18744.resize-by-browser-width .dt-css-grid {\n  margin: -15px;\n}\n.cssgridlegacy.no-cssgrid .dt-team-shortcode.team-masonry-shortcode-id-4cae630edfbb9e63fd0ce4c45eb18744.resize-by-browser-width .dt-css-grid .wf-cell,\n.no-cssgridlegacy.no-cssgrid .dt-team-shortcode.team-masonry-shortcode-id-4cae630edfbb9e63fd0ce4c45eb18744.resize-by-browser-width .dt-css-grid .wf-cell {\n  width: 33.333333333333%;\n  padding: 15px;\n}\n@media screen and (max-width: 1199px) {\n  .dt-team-shortcode.team-masonry-shortcode-id-4cae630edfbb9e63fd0ce4c45eb18744.resize-by-browser-width .dt-css-grid {\n    grid-template-columns: repeat(3,1fr);\n  }\n  .cssgridlegacy.no-cssgrid .dt-team-shortcode.team-masonry-shortcode-id-4cae630edfbb9e63fd0ce4c45eb18744.resize-by-browser-width .dt-css-grid .wf-cell,\n  .no-cssgridlegacy.no-cssgrid .dt-team-shortcode.team-masonry-shortcode-id-4cae630edfbb9e63fd0ce4c45eb18744.resize-by-browser-width .dt-css-grid .wf-cell {\n    width: 33.333333333333%;\n  }\n}\n@media screen and (max-width: 991px) {\n  .dt-team-shortcode.team-masonry-shortcode-id-4cae630edfbb9e63fd0ce4c45eb18744.resize-by-browser-width .dt-css-grid {\n    grid-template-columns: repeat(2,1fr);\n  }\n  .cssgridlegacy.no-cssgrid .dt-team-shortcode.team-masonry-shortcode-id-4cae630edfbb9e63fd0ce4c45eb18744.resize-by-browser-width .dt-css-grid .wf-cell,\n  .no-cssgridlegacy.no-cssgrid .dt-team-shortcode.team-masonry-shortcode-id-4cae630edfbb9e63fd0ce4c45eb18744.resize-by-browser-width .dt-css-grid .wf-cell {\n    width: 50%;\n  }\n}\n@media screen and (max-width: 767px) {\n  .dt-team-shortcode.team-masonry-shortcode-id-4cae630edfbb9e63fd0ce4c45eb18744.resize-by-browser-width .dt-css-grid {\n    grid-template-columns: repeat(1,1fr);\n  }\n  .cssgridlegacy.no-cssgrid .dt-team-shortcode.team-masonry-shortcode-id-4cae630edfbb9e63fd0ce4c45eb18744.resize-by-browser-width .dt-css-grid .wf-cell,\n  .no-cssgridlegacy.no-cssgrid .dt-team-shortcode.team-masonry-shortcode-id-4cae630edfbb9e63fd0ce4c45eb18744.resize-by-browser-width .dt-css-grid .wf-cell {\n    width: 100%;\n  }\n}\n<\/style><div class=\"dt-team-masonry-shortcode dt-team-shortcode team-masonry-shortcode-id-4cae630edfbb9e63fd0ce4c45eb18744 loading-effect-fade-in mode-grid jquery-filter content-align-center content-bg-on dt-css-grid-wrap scale-img dt-css-grid-wrap dt-icon-bg-on dt-icon-border-on dt-icon-hover-bg-on dt-icon-border-hover-on move-icons-under-position resize-by-browser-width  \" data-padding=\"15px\" data-cur-page=\"1\" data-post-limit=\"-1\" data-pagination-mode=\"none\" data-desktop-columns-num=\"3\" data-v-tablet-columns-num=\"2\" data-h-tablet-columns-num=\"3\" data-phone-columns-num=\"1\" data-width=\"0px\" data-columns=\"0\"><div class=\"dt-css-grid\" ><div class=\"visible wf-cell\" data-post-id=\"1594\" data-date=\"2019-07-24T17:21:41-04:00\" data-name=\"Pedro A. Rengel Nu\u00f1ez\"><div class=\"team-container visible post post-1594 dt_team type-dt_team status-publish has-post-thumbnail hentry dt_team_category-socio dt_team_category-socios-caracas dt_team_category-6 dt_team_category-60\"><div class=\"team-media\"><a href=\"https:\/\/www.traviesoevans.com\/travieso\/dt_team\/pedro-a-rengel-nunez\/\" class=\"rollover layzr-bg\"><img class=\"preload-me iso-lazy-load\" src=\"data:image\/svg+xml,%3Csvg%20xmlns%3D&#39;http%3A%2F%2Fwww.w3.org%2F2000%2Fsvg&#39;%20viewBox%3D&#39;0%200%20550%20550&#39;%2F%3E\" data-src=\"https:\/\/www.traviesoevans.com\/travieso\/wp-content\/uploads\/2019\/07\/traviesoevnas_socio_prn.jpg\" data-srcset=\"https:\/\/www.traviesoevans.com\/travieso\/wp-content\/uploads\/2019\/07\/traviesoevnas_socio_prn.jpg 550w\" width=\"550\" height=\"550\"  title=\"traviesoevnas_socio_prn\" alt=\"socio traviesoevans\" \/><\/a><\/div><div class=\"team-desc\"><div class=\"team-author\"><div class=\"team-author-name\"><a href=\"https:\/\/www.traviesoevans.com\/travieso\/dt_team\/pedro-a-rengel-nunez\/\">Pedro A. Rengel Nu\u00f1ez<\/a><\/div><p>Socio<\/p><\/div><div class=\"team-content\"><p>Miembro de Travieso Evans Arria &#038; Rengel desde 1980 y socio desde 1994.<\/p>\n<\/div><div class=\"soc-ico\"><a title=\"E-mail\" href=\"mailto:prn@traviesoevans.com\" target=\"_top\" class=\"mail\"><span class=\"soc-font-icon\"><\/span><span class=\"screen-reader-text\">E-mail<\/span><\/a><\/div>\n<a href=\"https:\/\/www.traviesoevans.com\/travieso\/dt_team\/pedro-a-rengel-nunez\/\" class=\"post-details details-type-link\" aria-label=\"Read more about Pedro A. Rengel Nu\u00f1ez\">Ver detalles<i class=\"dt-icon-the7-arrow-03\" aria-hidden=\"true\"><\/i><\/a>\n<\/div><\/div><\/div><div class=\"visible wf-cell\" data-post-id=\"1664\" data-date=\"2019-07-24T17:48:00-04:00\" data-name=\"Javier E. Ruan S.\"><div class=\"team-container visible post post-1664 dt_team type-dt_team status-publish has-post-thumbnail hentry dt_team_category-socio dt_team_category-socios-caracas dt_team_category-6 dt_team_category-60\"><div class=\"team-media\"><a href=\"https:\/\/www.traviesoevans.com\/travieso\/dt_team\/javier-e-ruan-s\/\" class=\"rollover layzr-bg\"><img class=\"preload-me iso-lazy-load\" src=\"data:image\/svg+xml,%3Csvg%20xmlns%3D&#39;http%3A%2F%2Fwww.w3.org%2F2000%2Fsvg&#39;%20viewBox%3D&#39;0%200%20550%20550&#39;%2F%3E\" data-src=\"https:\/\/www.traviesoevans.com\/travieso\/wp-content\/uploads\/2019\/07\/traviesoevnas_socio_jrs.jpg\" data-srcset=\"https:\/\/www.traviesoevans.com\/travieso\/wp-content\/uploads\/2019\/07\/traviesoevnas_socio_jrs.jpg 550w\" width=\"550\" height=\"550\"  title=\"traviesoevnas_socio_jrs\" alt=\"socio traviesoevans\" \/><\/a><\/div><div class=\"team-desc\"><div class=\"team-author\"><div class=\"team-author-name\"><a href=\"https:\/\/www.traviesoevans.com\/travieso\/dt_team\/javier-e-ruan-s\/\">Javier E. Ruan S.<\/a><\/div><p>Socio<\/p><\/div><div class=\"team-content\"><p>Miembro de Travieso Evans Arria &#038; Rengel desde 1997 y socio desde 2011.<\/p>\n<\/div><div class=\"soc-ico\"><a title=\"E-mail\" href=\"mailto:jrs@traviesoevans.com\" target=\"_top\" class=\"mail\"><span class=\"soc-font-icon\"><\/span><span class=\"screen-reader-text\">E-mail<\/span><\/a><\/div>\n<a href=\"https:\/\/www.traviesoevans.com\/travieso\/dt_team\/javier-e-ruan-s\/\" class=\"post-details details-type-link\" aria-label=\"Read more about Javier E. Ruan S.\">Ver detalles<i class=\"dt-icon-the7-arrow-03\" aria-hidden=\"true\"><\/i><\/a>\n<\/div><\/div><\/div><div class=\"visible wf-cell\" data-post-id=\"1668\" data-date=\"2019-07-24T17:59:06-04:00\" data-name=\"Pedro Garroni Requesens\"><div class=\"team-container visible post post-1668 dt_team type-dt_team status-publish has-post-thumbnail hentry dt_team_category-socio dt_team_category-socios-puerto-la-cruz dt_team_category-6 dt_team_category-64\"><div class=\"team-media\"><a href=\"https:\/\/www.traviesoevans.com\/travieso\/dt_team\/pedro-garroni-requesens\/\" class=\"rollover layzr-bg\"><img class=\"preload-me iso-lazy-load\" src=\"data:image\/svg+xml,%3Csvg%20xmlns%3D&#39;http%3A%2F%2Fwww.w3.org%2F2000%2Fsvg&#39;%20viewBox%3D&#39;0%200%20550%20550&#39;%2F%3E\" data-src=\"https:\/\/www.traviesoevans.com\/travieso\/wp-content\/uploads\/2019\/07\/traviesoevnas_socio_pgr.jpg\" data-srcset=\"https:\/\/www.traviesoevans.com\/travieso\/wp-content\/uploads\/2019\/07\/traviesoevnas_socio_pgr.jpg 550w\" width=\"550\" height=\"550\"  title=\"traviesoevnas_socio_pgr\" alt=\"socio traviesoevans\" \/><\/a><\/div><div class=\"team-desc\"><div class=\"team-author\"><div class=\"team-author-name\"><a href=\"https:\/\/www.traviesoevans.com\/travieso\/dt_team\/pedro-garroni-requesens\/\">Pedro Garroni Requesens<\/a><\/div><p>Socio<\/p><\/div><div class=\"team-content\"><p>Miembro de Travieso Evans Arria &#038; Rengel desde el a\u00f1o 2004 y socio desde 2018.\u00a0Coordinador de la sucursal de la Firma en Puerto La Cruz, Estado Anzo\u00e1tegui.<\/p>\n<\/div><div class=\"soc-ico\"><a title=\"E-mail\" href=\"mailto:pgr@traviesoevans.com\" target=\"_top\" class=\"mail\"><span class=\"soc-font-icon\"><\/span><span class=\"screen-reader-text\">E-mail<\/span><\/a><\/div>\n<a href=\"https:\/\/www.traviesoevans.com\/travieso\/dt_team\/pedro-garroni-requesens\/\" class=\"post-details details-type-link\" aria-label=\"Read more about Pedro Garroni Requesens\">Ver detalles<i class=\"dt-icon-the7-arrow-03\" aria-hidden=\"true\"><\/i><\/a>\n<\/div><\/div><\/div><div class=\"visible wf-cell\" data-post-id=\"1680\" data-date=\"2019-07-24T19:23:17-04:00\" data-name=\"Wesley Soto L\u00f3pez\"><div class=\"team-container visible post post-1680 dt_team type-dt_team status-publish has-post-thumbnail hentry dt_team_category-socio dt_team_category-socios-barquisimeto dt_team_category-socios-valencia dt_team_category-6 dt_team_category-62 dt_team_category-61\"><div class=\"team-media\"><a href=\"https:\/\/www.traviesoevans.com\/travieso\/dt_team\/wesley-soto-lopez\/\" class=\"rollover layzr-bg\"><img class=\"preload-me iso-lazy-load\" src=\"data:image\/svg+xml,%3Csvg%20xmlns%3D&#39;http%3A%2F%2Fwww.w3.org%2F2000%2Fsvg&#39;%20viewBox%3D&#39;0%200%20550%20550&#39;%2F%3E\" data-src=\"https:\/\/www.traviesoevans.com\/travieso\/wp-content\/uploads\/2019\/07\/traviesoevnas_socio_wsl.jpg\" data-srcset=\"https:\/\/www.traviesoevans.com\/travieso\/wp-content\/uploads\/2019\/07\/traviesoevnas_socio_wsl.jpg 550w\" width=\"550\" height=\"550\"  title=\"traviesoevnas_socio_wsl\" alt=\"asociado traviesoevans\" \/><\/a><\/div><div class=\"team-desc\"><div class=\"team-author\"><div class=\"team-author-name\"><a href=\"https:\/\/www.traviesoevans.com\/travieso\/dt_team\/wesley-soto-lopez\/\">Wesley Soto L\u00f3pez<\/a><\/div><p>Socio<\/p><\/div><div class=\"team-content\"><p>Miembro de Travieso Evans Arria &#038; Rengel desde el 2008 y socio desde 2021. Coordinador de las \u00a0sucursales de la Firma en Valencia, Estado Carabobo y Barquisimeto, Estado Lara.<\/p>\n<\/div><div class=\"soc-ico\"><a title=\"E-mail\" href=\"mailto:wsl@traviesoevans.com\" target=\"_top\" class=\"mail\"><span class=\"soc-font-icon\"><\/span><span class=\"screen-reader-text\">E-mail<\/span><\/a><\/div>\n<a href=\"https:\/\/www.traviesoevans.com\/travieso\/dt_team\/wesley-soto-lopez\/\" class=\"post-details details-type-link\" aria-label=\"Read more about Wesley Soto L\u00f3pez\">Ver detalles<i class=\"dt-icon-the7-arrow-03\" aria-hidden=\"true\"><\/i><\/a>\n<\/div><\/div><\/div><\/div><!-- iso-container|iso-grid --><\/div>[vc_empty_space][\/vc_column][\/vc_row]\n","protected":false},"excerpt":{"rendered":"<p>l[vc_row][vc_column][vc_column_text] Litigios, Arbitraje y Otros Medios Alternativos de Resoluci\u00f3n de Controversias Representamos a nuestros clientes en litigios de \u00edndole civil y comercial, incluyendo juicios y arbitrajes relativos a contratos internacionales, contratos de ingenier\u00eda, procura y construcci\u00f3n, contratos de representaci\u00f3n, distribuci\u00f3n, asociaci\u00f3n y suministro, adem\u00e1s en la ejecuci\u00f3n de todo tipo de contratos y garant\u00edas, arrendamientos,&hellip;<\/p>\n","protected":false},"author":4,"featured_media":0,"parent":0,"menu_order":0,"comment_status":"closed","ping_status":"closed","template":"","meta":{"_mc_calendar":[]},"yoast_head":"<!-- This site is optimized with the Yoast SEO plugin v20.1 - https:\/\/yoast.com\/wordpress\/plugins\/seo\/ -->\n<title>Litigios y Arbitraje - Travieso Evans Arria &amp; Rengel<\/title>\n<meta name=\"description\" content=\"En T&amp;E Travieso Evans, somo especialistas en Litigios y Arbitraje\" \/>\n<meta name=\"robots\" content=\"index, follow, max-snippet:-1, max-image-preview:large, max-video-preview:-1\" \/>\n<link rel=\"canonical\" href=\"https:\/\/www.traviesoevans.com\/travieso\/litigios-arbitraje\/\" \/>\n<meta property=\"og:locale\" content=\"es_ES\" \/>\n<meta property=\"og:type\" content=\"article\" \/>\n<meta property=\"og:title\" content=\"Litigios y Arbitraje - Travieso Evans Arria &amp; Rengel\" \/>\n<meta property=\"og:description\" content=\"En T&amp;E Travieso Evans, somo especialistas en Litigios y Arbitraje\" \/>\n<meta property=\"og:url\" content=\"https:\/\/www.traviesoevans.com\/travieso\/litigios-arbitraje\/\" \/>\n<meta property=\"og:site_name\" content=\"Travieso Evans Arria &amp; Rengel\" \/>\n<meta property=\"article:modified_time\" content=\"2022-04-11T18:36:56+00:00\" \/>\n<meta property=\"og:image\" content=\"https:\/\/www.traviesoevans.com\/travieso\/wp-content\/uploads\/2019\/05\/logo-traviesoevans-hd-v1.png\" \/>\n\t<meta property=\"og:image:width\" content=\"200\" \/>\n\t<meta property=\"og:image:height\" content=\"150\" \/>\n\t<meta property=\"og:image:type\" content=\"image\/png\" \/>\n<meta name=\"twitter:card\" content=\"summary_large_image\" \/>\n<meta name=\"twitter:site\" content=\"@traviesoevans\" \/>\n<meta name=\"twitter:label1\" content=\"Tiempo estimado de lectura\" \/>\n\t<meta name=\"twitter:data1\" content=\"2 minutos\" \/>\n<script type=\"application\/ld+json\" class=\"yoast-schema-graph\">{\"@context\":\"https:\/\/schema.org\",\"@graph\":[{\"@type\":\"WebPage\",\"@id\":\"https:\/\/www.traviesoevans.com\/travieso\/litigios-arbitraje\/\",\"url\":\"https:\/\/www.traviesoevans.com\/travieso\/litigios-arbitraje\/\",\"name\":\"Litigios y Arbitraje - Travieso Evans Arria &amp; Rengel\",\"isPartOf\":{\"@id\":\"https:\/\/www.traviesoevans.com\/travieso\/#website\"},\"datePublished\":\"2019-09-13T03:42:26+00:00\",\"dateModified\":\"2022-04-11T18:36:56+00:00\",\"description\":\"En T&E Travieso Evans, somo especialistas en Litigios y Arbitraje\",\"breadcrumb\":{\"@id\":\"https:\/\/www.traviesoevans.com\/travieso\/litigios-arbitraje\/#breadcrumb\"},\"inLanguage\":\"es\",\"potentialAction\":[{\"@type\":\"ReadAction\",\"target\":[\"https:\/\/www.traviesoevans.com\/travieso\/litigios-arbitraje\/\"]}]},{\"@type\":\"BreadcrumbList\",\"@id\":\"https:\/\/www.traviesoevans.com\/travieso\/litigios-arbitraje\/#breadcrumb\",\"itemListElement\":[{\"@type\":\"ListItem\",\"position\":1,\"name\":\"Cover page\",\"item\":\"https:\/\/www.traviesoevans.com\/travieso\/\"},{\"@type\":\"ListItem\",\"position\":2,\"name\":\"Litigios y Arbitraje\"}]},{\"@type\":\"WebSite\",\"@id\":\"https:\/\/www.traviesoevans.com\/travieso\/#website\",\"url\":\"https:\/\/www.traviesoevans.com\/travieso\/\",\"name\":\"Travieso Evans Arria & Rengel\",\"description\":\"La Firma de Abogados de Venezuela.\",\"publisher\":{\"@id\":\"https:\/\/www.traviesoevans.com\/travieso\/#organization\"},\"potentialAction\":[{\"@type\":\"SearchAction\",\"target\":{\"@type\":\"EntryPoint\",\"urlTemplate\":\"https:\/\/www.traviesoevans.com\/travieso\/?s={search_term_string}\"},\"query-input\":\"required name=search_term_string\"}],\"inLanguage\":\"es\"},{\"@type\":\"Organization\",\"@id\":\"https:\/\/www.traviesoevans.com\/travieso\/#organization\",\"name\":\"T&E Travieso Evans Arria & Rengel\",\"url\":\"https:\/\/www.traviesoevans.com\/travieso\/\",\"logo\":{\"@type\":\"ImageObject\",\"inLanguage\":\"es\",\"@id\":\"https:\/\/www.traviesoevans.com\/travieso\/#\/schema\/logo\/image\/\",\"url\":\"https:\/\/www.traviesoevans.com\/travieso\/wp-content\/uploads\/2020\/05\/logo-travieso-login.png\",\"contentUrl\":\"https:\/\/www.traviesoevans.com\/travieso\/wp-content\/uploads\/2020\/05\/logo-travieso-login.png\",\"width\":84,\"height\":84,\"caption\":\"T&E Travieso Evans Arria & Rengel\"},\"image\":{\"@id\":\"https:\/\/www.traviesoevans.com\/travieso\/#\/schema\/logo\/image\/\"},\"sameAs\":[\"https:\/\/twitter.com\/traviesoevans\",\"https:\/\/www.instagram.com\/traviesoevans\/\",\"https:\/\/www.linkedin.com\/in\/travieso-evans-800302172\/\"]}]}<\/script>\n<!-- \/ Yoast SEO plugin. -->","yoast_head_json":{"title":"Litigios y Arbitraje - Travieso Evans Arria &amp; Rengel","description":"En T&E Travieso Evans, somo especialistas en Litigios y Arbitraje","robots":{"index":"index","follow":"follow","max-snippet":"max-snippet:-1","max-image-preview":"max-image-preview:large","max-video-preview":"max-video-preview:-1"},"canonical":"https:\/\/www.traviesoevans.com\/travieso\/litigios-arbitraje\/","og_locale":"es_ES","og_type":"article","og_title":"Litigios y Arbitraje - Travieso Evans Arria &amp; Rengel","og_description":"En T&E Travieso Evans, somo especialistas en Litigios y Arbitraje","og_url":"https:\/\/www.traviesoevans.com\/travieso\/litigios-arbitraje\/","og_site_name":"Travieso Evans Arria &amp; Rengel","article_modified_time":"2022-04-11T18:36:56+00:00","og_image":[{"width":200,"height":150,"url":"https:\/\/www.traviesoevans.com\/travieso\/wp-content\/uploads\/2019\/05\/logo-traviesoevans-hd-v1.png","type":"image\/png"}],"twitter_card":"summary_large_image","twitter_site":"@traviesoevans","twitter_misc":{"Tiempo estimado de lectura":"2 minutos"},"schema":{"@context":"https:\/\/schema.org","@graph":[{"@type":"WebPage","@id":"https:\/\/www.traviesoevans.com\/travieso\/litigios-arbitraje\/","url":"https:\/\/www.traviesoevans.com\/travieso\/litigios-arbitraje\/","name":"Litigios y Arbitraje - Travieso Evans Arria &amp; Rengel","isPartOf":{"@id":"https:\/\/www.traviesoevans.com\/travieso\/#website"},"datePublished":"2019-09-13T03:42:26+00:00","dateModified":"2022-04-11T18:36:56+00:00","description":"En T&E Travieso Evans, somo especialistas en Litigios y Arbitraje","breadcrumb":{"@id":"https:\/\/www.traviesoevans.com\/travieso\/litigios-arbitraje\/#breadcrumb"},"inLanguage":"es","potentialAction":[{"@type":"ReadAction","target":["https:\/\/www.traviesoevans.com\/travieso\/litigios-arbitraje\/"]}]},{"@type":"BreadcrumbList","@id":"https:\/\/www.traviesoevans.com\/travieso\/litigios-arbitraje\/#breadcrumb","itemListElement":[{"@type":"ListItem","position":1,"name":"Cover page","item":"https:\/\/www.traviesoevans.com\/travieso\/"},{"@type":"ListItem","position":2,"name":"Litigios y Arbitraje"}]},{"@type":"WebSite","@id":"https:\/\/www.traviesoevans.com\/travieso\/#website","url":"https:\/\/www.traviesoevans.com\/travieso\/","name":"Travieso Evans Arria & Rengel","description":"La Firma de Abogados de Venezuela.","publisher":{"@id":"https:\/\/www.traviesoevans.com\/travieso\/#organization"},"potentialAction":[{"@type":"SearchAction","target":{"@type":"EntryPoint","urlTemplate":"https:\/\/www.traviesoevans.com\/travieso\/?s={search_term_string}"},"query-input":"required name=search_term_string"}],"inLanguage":"es"},{"@type":"Organization","@id":"https:\/\/www.traviesoevans.com\/travieso\/#organization","name":"T&E Travieso Evans Arria & Rengel","url":"https:\/\/www.traviesoevans.com\/travieso\/","logo":{"@type":"ImageObject","inLanguage":"es","@id":"https:\/\/www.traviesoevans.com\/travieso\/#\/schema\/logo\/image\/","url":"https:\/\/www.traviesoevans.com\/travieso\/wp-content\/uploads\/2020\/05\/logo-travieso-login.png","contentUrl":"https:\/\/www.traviesoevans.com\/travieso\/wp-content\/uploads\/2020\/05\/logo-travieso-login.png","width":84,"height":84,"caption":"T&E Travieso Evans Arria & Rengel"},"image":{"@id":"https:\/\/www.traviesoevans.com\/travieso\/#\/schema\/logo\/image\/"},"sameAs":["https:\/\/twitter.com\/traviesoevans","https:\/\/www.instagram.com\/traviesoevans\/","https:\/\/www.linkedin.com\/in\/travieso-evans-800302172\/"]}]}},"_links":{"self":[{"href":"https:\/\/www.traviesoevans.com\/travieso\/wp-json\/wp\/v2\/pages\/1913"}],"collection":[{"href":"https:\/\/www.traviesoevans.com\/travieso\/wp-json\/wp\/v2\/pages"}],"about":[{"href":"https:\/\/www.traviesoevans.com\/travieso\/wp-json\/wp\/v2\/types\/page"}],"author":[{"embeddable":true,"href":"https:\/\/www.traviesoevans.com\/travieso\/wp-json\/wp\/v2\/users\/4"}],"replies":[{"embeddable":true,"href":"https:\/\/www.traviesoevans.com\/travieso\/wp-json\/wp\/v2\/comments?post=1913"}],"version-history":[{"count":8,"href":"https:\/\/www.traviesoevans.com\/travieso\/wp-json\/wp\/v2\/pages\/1913\/revisions"}],"predecessor-version":[{"id":4814,"href":"https:\/\/www.traviesoevans.com\/travieso\/wp-json\/wp\/v2\/pages\/1913\/revisions\/4814"}],"wp:attachment":[{"href":"https:\/\/www.traviesoevans.com\/travieso\/wp-json\/wp\/v2\/media?parent=1913"}],"curies":[{"name":"wp","href":"https:\/\/api.w.org\/{rel}","templated":true}]}}