{"id":1926,"date":"2019-09-12T23:52:29","date_gmt":"2019-09-13T03:52:29","guid":{"rendered":"https:\/\/localhost:8080\/traviesoevans\/?page_id=1926"},"modified":"2022-04-11T14:51:31","modified_gmt":"2022-04-11T18:51:31","slug":"telecomunicaciones","status":"publish","type":"page","link":"https:\/\/www.traviesoevans.com\/travieso\/telecomunicaciones\/","title":{"rendered":"Telecomunicaciones"},"content":{"rendered":"[vc_row][vc_column][vc_column_text]\n<h2>Telecomunicaciones<\/h2>\n<p>La Firma ha representado muy activamente a clientes en el sector de telecomunicaciones desde la privatizaci\u00f3n de la CANTV en el a\u00f1o 1991, que conllev\u00f3 a una importante apertura en este sector en Venezuela. Desde entonces, asesoramos a diversas empresas y operadores de diversos servicios (redes privadas de telecomunicaciones, redes conmutadas de datos, servicios de valor agregado, televisi\u00f3n por suscripci\u00f3n, etc.), as\u00ed como a proveedores de equipos de telecomunicaciones.<\/p>\n<p>Nuestros abogados cuentan con una amplia experiencia en el \u00e1rea de Telecomunicaciones y han estado muy involucrados en la revisi\u00f3n y actualizaci\u00f3n de la legislaci\u00f3n en la materia. Como consecuencia de lo anterior, estamos preparados para asesorar a nuestros clientes en todos los aspectos regulatorios, comerciales y operativos relacionados con el \u00e1rea de telecomunicaciones tales como la preparaci\u00f3n de solicitudes para autorizaciones\/habilitaciones\/concesiones administrativas (licencias); negociaci\u00f3n y redacci\u00f3n de acuerdos de interconexi\u00f3n; an\u00e1lisis de nuevas leyes y reglamentos y su efecto sobre operadoras nuevas y establecidas; redacci\u00f3n de contratos de servicios, capacidades satelitales, etc.<\/p>\n<p>Si usted no tiene a\u00fan una persona contacto en la Firma, puede contactar inicialmente en lo relacionado con esta \u00e1rea de especializaci\u00f3n, a cualquiera de las siguientes personas:[\/vc_column_text][vc_empty_space]<style type=\"text\/css\" data-type=\"the7_shortcodes-inline-css\">.dt-team-shortcode.team-masonry-shortcode-id-d77bb3f66f8472e436429182dc6782ab .team-desc {\n  padding: 20px 20px 20px 20px;\n}\n.dt-team-shortcode.team-masonry-shortcode-id-d77bb3f66f8472e436429182dc6782ab .team-author-name,\n.dt-team-shortcode.team-masonry-shortcode-id-d77bb3f66f8472e436429182dc6782ab .team-author-name a {\n  margin-bottom: 0px;\n  font-weight: bold;\n}\n.dt-team-shortcode.team-masonry-shortcode-id-d77bb3f66f8472e436429182dc6782ab .team-author p {\n  margin-bottom: 10px;\n  font-weight: bold;\n}\n.dt-team-shortcode.team-masonry-shortcode-id-d77bb3f66f8472e436429182dc6782ab  .team-media {\n  padding: 0px 0px 0px 0px;\n}\n.dt-team-shortcode.team-masonry-shortcode-id-d77bb3f66f8472e436429182dc6782ab .dt-css-grid .team-media img {\n  max-width: 100%;\n}\n.dt-team-shortcode.team-masonry-shortcode-id-d77bb3f66f8472e436429182dc6782ab .team-content {\n  margin-bottom: 5px;\n}\n.dt-team-shortcode.team-masonry-shortcode-id-d77bb3f66f8472e436429182dc6782ab  .team-media,\n.dt-team-shortcode.team-masonry-shortcode-id-d77bb3f66f8472e436429182dc6782ab  .team-media a.rollover,\n.dt-team-shortcode.team-masonry-shortcode-id-d77bb3f66f8472e436429182dc6782ab  .team-media a.rollover *,\n.dt-team-shortcode.team-masonry-shortcode-id-d77bb3f66f8472e436429182dc6782ab  .team-media img {\n  border-radius: 0px;\n}\n.dt-team-shortcode.team-masonry-shortcode-id-d77bb3f66f8472e436429182dc6782ab .soc-ico {\n  margin-bottom: 15px;\n}\n.dt-team-shortcode.team-masonry-shortcode-id-d77bb3f66f8472e436429182dc6782ab .soc-ico a {\n  min-width: 26px;\n  min-height: 26px;\n  font-size: 16px;\n  border-radius: 100px;\n}\n.dt-team-shortcode.team-masonry-shortcode-id-d77bb3f66f8472e436429182dc6782ab .soc-ico a:not(:last-child) {\n  margin-right: 4px;\n}\n.dt-team-shortcode.team-masonry-shortcode-id-d77bb3f66f8472e436429182dc6782ab .soc-ico a:before,\n.dt-team-shortcode.team-masonry-shortcode-id-d77bb3f66f8472e436429182dc6782ab .soc-ico a:after {\n  min-width: 26px;\n  min-height: 26px;\n  padding: inherit;\n}\n.dt-icon-border-on.dt-team-shortcode.team-masonry-shortcode-id-d77bb3f66f8472e436429182dc6782ab .soc-ico a:before {\n  border: 0px solid transparent;\n}\n.dt-team-shortcode.team-masonry-shortcode-id-d77bb3f66f8472e436429182dc6782ab .soc-ico a:hover {\n  font-size: 16px;\n}\n#page .dt-team-shortcode.team-masonry-shortcode-id-d77bb3f66f8472e436429182dc6782ab .soc-ico a:hover .soc-font-icon {\n  color: rgba(255,255,255,0.75);\n  background: none;\n}\n.dt-icon-border-hover-on.dt-team-shortcode.team-masonry-shortcode-id-d77bb3f66f8472e436429182dc6782ab .soc-ico a:after {\n  border: 0px solid transparent;\n}\n#page .dt-team-shortcode.team-masonry-shortcode-id-d77bb3f66f8472e436429182dc6782ab .soc-ico a:not(:hover) .soc-font-icon {\n  color: #ffffff;\n  background: none;\n}\n.dt-team-shortcode.team-masonry-shortcode-id-d77bb3f66f8472e436429182dc6782ab .soc-ico a .soc-font-icon {\n  font-size: 16px;\n}\n.dt-team-shortcode.team-masonry-shortcode-id-d77bb3f66f8472e436429182dc6782ab .filter-bg-decoration .filter-categories a.act {\n  color: #fff;\n}\n.dt-team-shortcode.team-masonry-shortcode-id-d77bb3f66f8472e436429182dc6782ab:not(.resize-by-browser-width) .dt-css-grid {\n  grid-row-gap: 30px;\n  grid-column-gap: 30px;\n  grid-template-columns: repeat(auto-fill,minmax(,1fr));\n}\n.cssgridlegacy.no-cssgrid .dt-team-shortcode.team-masonry-shortcode-id-d77bb3f66f8472e436429182dc6782ab:not(.resize-by-browser-width) .dt-css-grid,\n.no-cssgridlegacy.no-cssgrid .dt-team-shortcode.team-masonry-shortcode-id-d77bb3f66f8472e436429182dc6782ab:not(.resize-by-browser-width) .dt-css-grid {\n  display: flex;\n  flex-flow: row wrap;\n  margin: -15px;\n}\n.cssgridlegacy.no-cssgrid .dt-team-shortcode.team-masonry-shortcode-id-d77bb3f66f8472e436429182dc6782ab:not(.resize-by-browser-width) .dt-css-grid .wf-cell,\n.no-cssgridlegacy.no-cssgrid .dt-team-shortcode.team-masonry-shortcode-id-d77bb3f66f8472e436429182dc6782ab:not(.resize-by-browser-width) .dt-css-grid .wf-cell {\n  flex: 1 0 ;\n  max-width: 100%;\n  padding: 15px;\n  box-sizing: border-box;\n}\n.dt-team-shortcode.team-masonry-shortcode-id-d77bb3f66f8472e436429182dc6782ab.resize-by-browser-width .dt-css-grid {\n  grid-template-columns: repeat(3,1fr);\n  grid-template-rows: auto;\n  grid-column-gap: 30px;\n  grid-row-gap: 30px;\n}\n.cssgridlegacy.no-cssgrid .dt-team-shortcode.team-masonry-shortcode-id-d77bb3f66f8472e436429182dc6782ab.resize-by-browser-width .dt-css-grid,\n.no-cssgridlegacy.no-cssgrid .dt-team-shortcode.team-masonry-shortcode-id-d77bb3f66f8472e436429182dc6782ab.resize-by-browser-width .dt-css-grid {\n  margin: -15px;\n}\n.cssgridlegacy.no-cssgrid .dt-team-shortcode.team-masonry-shortcode-id-d77bb3f66f8472e436429182dc6782ab.resize-by-browser-width .dt-css-grid .wf-cell,\n.no-cssgridlegacy.no-cssgrid .dt-team-shortcode.team-masonry-shortcode-id-d77bb3f66f8472e436429182dc6782ab.resize-by-browser-width .dt-css-grid .wf-cell {\n  width: 33.333333333333%;\n  padding: 15px;\n}\n@media screen and (max-width: 1199px) {\n  .dt-team-shortcode.team-masonry-shortcode-id-d77bb3f66f8472e436429182dc6782ab.resize-by-browser-width .dt-css-grid {\n    grid-template-columns: repeat(3,1fr);\n  }\n  .cssgridlegacy.no-cssgrid .dt-team-shortcode.team-masonry-shortcode-id-d77bb3f66f8472e436429182dc6782ab.resize-by-browser-width .dt-css-grid .wf-cell,\n  .no-cssgridlegacy.no-cssgrid .dt-team-shortcode.team-masonry-shortcode-id-d77bb3f66f8472e436429182dc6782ab.resize-by-browser-width .dt-css-grid .wf-cell {\n    width: 33.333333333333%;\n  }\n}\n@media screen and (max-width: 991px) {\n  .dt-team-shortcode.team-masonry-shortcode-id-d77bb3f66f8472e436429182dc6782ab.resize-by-browser-width .dt-css-grid {\n    grid-template-columns: repeat(2,1fr);\n  }\n  .cssgridlegacy.no-cssgrid .dt-team-shortcode.team-masonry-shortcode-id-d77bb3f66f8472e436429182dc6782ab.resize-by-browser-width .dt-css-grid .wf-cell,\n  .no-cssgridlegacy.no-cssgrid .dt-team-shortcode.team-masonry-shortcode-id-d77bb3f66f8472e436429182dc6782ab.resize-by-browser-width .dt-css-grid .wf-cell {\n    width: 50%;\n  }\n}\n@media screen and (max-width: 767px) {\n  .dt-team-shortcode.team-masonry-shortcode-id-d77bb3f66f8472e436429182dc6782ab.resize-by-browser-width .dt-css-grid {\n    grid-template-columns: repeat(1,1fr);\n  }\n  .cssgridlegacy.no-cssgrid .dt-team-shortcode.team-masonry-shortcode-id-d77bb3f66f8472e436429182dc6782ab.resize-by-browser-width .dt-css-grid .wf-cell,\n  .no-cssgridlegacy.no-cssgrid .dt-team-shortcode.team-masonry-shortcode-id-d77bb3f66f8472e436429182dc6782ab.resize-by-browser-width .dt-css-grid .wf-cell {\n    width: 100%;\n  }\n}\n<\/style><div class=\"dt-team-masonry-shortcode dt-team-shortcode team-masonry-shortcode-id-d77bb3f66f8472e436429182dc6782ab loading-effect-fade-in mode-grid jquery-filter content-align-center content-bg-on dt-css-grid-wrap scale-img dt-css-grid-wrap dt-icon-bg-on dt-icon-border-on dt-icon-hover-bg-on dt-icon-border-hover-on move-icons-under-position resize-by-browser-width  \" data-padding=\"15px\" data-cur-page=\"1\" data-post-limit=\"-1\" data-pagination-mode=\"none\" data-desktop-columns-num=\"3\" data-v-tablet-columns-num=\"2\" data-h-tablet-columns-num=\"3\" data-phone-columns-num=\"1\" data-width=\"0px\" data-columns=\"0\"><div class=\"dt-css-grid\" ><div class=\"visible wf-cell\" data-post-id=\"1670\" data-date=\"2019-07-24T18:10:06-04:00\" data-name=\"Karla Andre\u00edna Pe\u00f1a Garc\u00eda\"><div class=\"team-container visible post post-1670 dt_team type-dt_team status-publish has-post-thumbnail hentry dt_team_category-socio dt_team_category-socios-caracas dt_team_category-6 dt_team_category-60\"><div class=\"team-media\"><a href=\"https:\/\/www.traviesoevans.com\/travieso\/dt_team\/karla-andreina-pena-garcia\/\" class=\"rollover layzr-bg\"><img class=\"preload-me iso-lazy-load\" src=\"data:image\/svg+xml,%3Csvg%20xmlns%3D&#39;http%3A%2F%2Fwww.w3.org%2F2000%2Fsvg&#39;%20viewBox%3D&#39;0%200%20550%20550&#39;%2F%3E\" data-src=\"https:\/\/www.traviesoevans.com\/travieso\/wp-content\/uploads\/2019\/07\/traviesoevnas_socio_kpg.jpg\" data-srcset=\"https:\/\/www.traviesoevans.com\/travieso\/wp-content\/uploads\/2019\/07\/traviesoevnas_socio_kpg.jpg 550w\" width=\"550\" height=\"550\"  title=\"traviesoevnas_socio_kpg\" alt=\"socio traviesoevans\" \/><\/a><\/div><div class=\"team-desc\"><div class=\"team-author\"><div class=\"team-author-name\"><a href=\"https:\/\/www.traviesoevans.com\/travieso\/dt_team\/karla-andreina-pena-garcia\/\">Karla Andre\u00edna Pe\u00f1a Garc\u00eda<\/a><\/div><p>Socia<\/p><\/div><div class=\"team-content\"><p>Miembro de Travieso Evans Arria &#038; Rengel desde 2010 y socia desde 2019.<\/p>\n<\/div><div class=\"soc-ico\"><a title=\"E-mail\" href=\"mailto:kpg@traviesoevans.com\" target=\"_top\" class=\"mail\"><span class=\"soc-font-icon\"><\/span><span class=\"screen-reader-text\">E-mail<\/span><\/a><\/div>\n<a href=\"https:\/\/www.traviesoevans.com\/travieso\/dt_team\/karla-andreina-pena-garcia\/\" class=\"post-details details-type-link\" aria-label=\"Read more about Karla Andre\u00edna Pe\u00f1a Garc\u00eda\">Ver detalles<i class=\"dt-icon-the7-arrow-03\" aria-hidden=\"true\"><\/i><\/a>\n<\/div><\/div><\/div><div class=\"visible wf-cell\" data-post-id=\"1688\" data-date=\"2019-07-24T19:52:05-04:00\" data-name=\"Daniela Alejandra Del Vecchio Rosalen\"><div class=\"team-container visible post post-1688 dt_team type-dt_team status-publish has-post-thumbnail hentry dt_team_category-socio dt_team_category-socios-caracas dt_team_category-6 dt_team_category-60\"><div class=\"team-media\"><a href=\"https:\/\/www.traviesoevans.com\/travieso\/dt_team\/daniela-alejandra-del-vecchio-rosalen\/\" class=\"rollover layzr-bg\"><img class=\"preload-me iso-lazy-load\" src=\"data:image\/svg+xml,%3Csvg%20xmlns%3D&#39;http%3A%2F%2Fwww.w3.org%2F2000%2Fsvg&#39;%20viewBox%3D&#39;0%200%20550%20550&#39;%2F%3E\" data-src=\"https:\/\/www.traviesoevans.com\/travieso\/wp-content\/uploads\/2019\/07\/traviesoevans-socio-ddv.jpg\" data-srcset=\"https:\/\/www.traviesoevans.com\/travieso\/wp-content\/uploads\/2019\/07\/traviesoevans-socio-ddv.jpg 550w\" width=\"550\" height=\"550\"  title=\"traviesoevans-socio-ddv\" alt=\"\" \/><\/a><\/div><div class=\"team-desc\"><div class=\"team-author\"><div class=\"team-author-name\"><a href=\"https:\/\/www.traviesoevans.com\/travieso\/dt_team\/daniela-alejandra-del-vecchio-rosalen\/\">Daniela Alejandra Del Vecchio Rosalen<\/a><\/div><p>Socia<\/p><\/div><div class=\"team-content\"><p>Miembro de Travieso Evans Arria &#038; Rengel desde el a\u00f1o 2014 y socia desde 2021.<\/p>\n<\/div><div class=\"soc-ico\"><a title=\"E-mail\" href=\"mailto:ddv@traviesoevans.com\" target=\"_top\" class=\"mail\"><span class=\"soc-font-icon\"><\/span><span class=\"screen-reader-text\">E-mail<\/span><\/a><\/div>\n<a href=\"https:\/\/www.traviesoevans.com\/travieso\/dt_team\/daniela-alejandra-del-vecchio-rosalen\/\" class=\"post-details details-type-link\" aria-label=\"Read more about Daniela Alejandra Del Vecchio Rosalen\">Ver detalles<i class=\"dt-icon-the7-arrow-03\" aria-hidden=\"true\"><\/i><\/a>\n<\/div><\/div><\/div><\/div><!-- iso-container|iso-grid --><\/div>[vc_empty_space][\/vc_column][\/vc_row]\n","protected":false},"excerpt":{"rendered":"<p>[vc_row][vc_column][vc_column_text] Telecomunicaciones La Firma ha representado muy activamente a clientes en el sector de telecomunicaciones desde la privatizaci\u00f3n de la CANTV en el a\u00f1o 1991, que conllev\u00f3 a una importante apertura en este sector en Venezuela. Desde entonces, asesoramos a diversas empresas y operadores de diversos servicios (redes privadas de telecomunicaciones, redes conmutadas de datos,&hellip;<\/p>\n","protected":false},"author":4,"featured_media":0,"parent":0,"menu_order":0,"comment_status":"closed","ping_status":"closed","template":"","meta":{"_mc_calendar":[]},"yoast_head":"<!-- This site is optimized with the Yoast SEO plugin v20.1 - https:\/\/yoast.com\/wordpress\/plugins\/seo\/ -->\n<title>Telecomunicaciones - Travieso Evans Arria &amp; Rengel<\/title>\n<meta name=\"description\" content=\"En T&amp;E Travieso Evans, somos especialistas en Telecomunicaciones\" \/>\n<meta name=\"robots\" content=\"index, follow, max-snippet:-1, max-image-preview:large, max-video-preview:-1\" \/>\n<link rel=\"canonical\" href=\"https:\/\/www.traviesoevans.com\/travieso\/telecomunicaciones\/\" \/>\n<meta property=\"og:locale\" content=\"es_ES\" \/>\n<meta property=\"og:type\" content=\"article\" \/>\n<meta property=\"og:title\" content=\"Telecomunicaciones - Travieso Evans Arria &amp; Rengel\" \/>\n<meta property=\"og:description\" content=\"En T&amp;E Travieso Evans, somos especialistas en Telecomunicaciones\" \/>\n<meta property=\"og:url\" content=\"https:\/\/www.traviesoevans.com\/travieso\/telecomunicaciones\/\" \/>\n<meta property=\"og:site_name\" content=\"Travieso Evans Arria &amp; Rengel\" \/>\n<meta property=\"article:modified_time\" content=\"2022-04-11T18:51:31+00:00\" \/>\n<meta property=\"og:image\" content=\"https:\/\/www.traviesoevans.com\/travieso\/wp-content\/uploads\/2019\/05\/logo-traviesoevans-hd-v1.png\" \/>\n\t<meta property=\"og:image:width\" content=\"200\" \/>\n\t<meta property=\"og:image:height\" content=\"150\" \/>\n\t<meta property=\"og:image:type\" content=\"image\/png\" \/>\n<meta name=\"twitter:card\" content=\"summary_large_image\" \/>\n<meta name=\"twitter:site\" content=\"@traviesoevans\" \/>\n<meta name=\"twitter:label1\" content=\"Tiempo estimado de lectura\" \/>\n\t<meta name=\"twitter:data1\" content=\"1 minuto\" \/>\n<script type=\"application\/ld+json\" class=\"yoast-schema-graph\">{\"@context\":\"https:\/\/schema.org\",\"@graph\":[{\"@type\":\"WebPage\",\"@id\":\"https:\/\/www.traviesoevans.com\/travieso\/telecomunicaciones\/\",\"url\":\"https:\/\/www.traviesoevans.com\/travieso\/telecomunicaciones\/\",\"name\":\"Telecomunicaciones - Travieso Evans Arria &amp; Rengel\",\"isPartOf\":{\"@id\":\"https:\/\/www.traviesoevans.com\/travieso\/#website\"},\"datePublished\":\"2019-09-13T03:52:29+00:00\",\"dateModified\":\"2022-04-11T18:51:31+00:00\",\"description\":\"En T&E Travieso Evans, somos especialistas en Telecomunicaciones\",\"breadcrumb\":{\"@id\":\"https:\/\/www.traviesoevans.com\/travieso\/telecomunicaciones\/#breadcrumb\"},\"inLanguage\":\"es\",\"potentialAction\":[{\"@type\":\"ReadAction\",\"target\":[\"https:\/\/www.traviesoevans.com\/travieso\/telecomunicaciones\/\"]}]},{\"@type\":\"BreadcrumbList\",\"@id\":\"https:\/\/www.traviesoevans.com\/travieso\/telecomunicaciones\/#breadcrumb\",\"itemListElement\":[{\"@type\":\"ListItem\",\"position\":1,\"name\":\"Cover page\",\"item\":\"https:\/\/www.traviesoevans.com\/travieso\/\"},{\"@type\":\"ListItem\",\"position\":2,\"name\":\"Telecomunicaciones\"}]},{\"@type\":\"WebSite\",\"@id\":\"https:\/\/www.traviesoevans.com\/travieso\/#website\",\"url\":\"https:\/\/www.traviesoevans.com\/travieso\/\",\"name\":\"Travieso Evans Arria & Rengel\",\"description\":\"La Firma de Abogados de Venezuela.\",\"publisher\":{\"@id\":\"https:\/\/www.traviesoevans.com\/travieso\/#organization\"},\"potentialAction\":[{\"@type\":\"SearchAction\",\"target\":{\"@type\":\"EntryPoint\",\"urlTemplate\":\"https:\/\/www.traviesoevans.com\/travieso\/?s={search_term_string}\"},\"query-input\":\"required name=search_term_string\"}],\"inLanguage\":\"es\"},{\"@type\":\"Organization\",\"@id\":\"https:\/\/www.traviesoevans.com\/travieso\/#organization\",\"name\":\"T&E Travieso Evans Arria & Rengel\",\"url\":\"https:\/\/www.traviesoevans.com\/travieso\/\",\"logo\":{\"@type\":\"ImageObject\",\"inLanguage\":\"es\",\"@id\":\"https:\/\/www.traviesoevans.com\/travieso\/#\/schema\/logo\/image\/\",\"url\":\"https:\/\/www.traviesoevans.com\/travieso\/wp-content\/uploads\/2020\/05\/logo-travieso-login.png\",\"contentUrl\":\"https:\/\/www.traviesoevans.com\/travieso\/wp-content\/uploads\/2020\/05\/logo-travieso-login.png\",\"width\":84,\"height\":84,\"caption\":\"T&E Travieso Evans Arria & Rengel\"},\"image\":{\"@id\":\"https:\/\/www.traviesoevans.com\/travieso\/#\/schema\/logo\/image\/\"},\"sameAs\":[\"https:\/\/twitter.com\/traviesoevans\",\"https:\/\/www.instagram.com\/traviesoevans\/\",\"https:\/\/www.linkedin.com\/in\/travieso-evans-800302172\/\"]}]}<\/script>\n<!-- \/ Yoast SEO plugin. -->","yoast_head_json":{"title":"Telecomunicaciones - Travieso Evans Arria &amp; Rengel","description":"En T&E Travieso Evans, somos especialistas en Telecomunicaciones","robots":{"index":"index","follow":"follow","max-snippet":"max-snippet:-1","max-image-preview":"max-image-preview:large","max-video-preview":"max-video-preview:-1"},"canonical":"https:\/\/www.traviesoevans.com\/travieso\/telecomunicaciones\/","og_locale":"es_ES","og_type":"article","og_title":"Telecomunicaciones - Travieso Evans Arria &amp; Rengel","og_description":"En T&E Travieso Evans, somos especialistas en Telecomunicaciones","og_url":"https:\/\/www.traviesoevans.com\/travieso\/telecomunicaciones\/","og_site_name":"Travieso Evans Arria &amp; Rengel","article_modified_time":"2022-04-11T18:51:31+00:00","og_image":[{"width":200,"height":150,"url":"https:\/\/www.traviesoevans.com\/travieso\/wp-content\/uploads\/2019\/05\/logo-traviesoevans-hd-v1.png","type":"image\/png"}],"twitter_card":"summary_large_image","twitter_site":"@traviesoevans","twitter_misc":{"Tiempo estimado de lectura":"1 minuto"},"schema":{"@context":"https:\/\/schema.org","@graph":[{"@type":"WebPage","@id":"https:\/\/www.traviesoevans.com\/travieso\/telecomunicaciones\/","url":"https:\/\/www.traviesoevans.com\/travieso\/telecomunicaciones\/","name":"Telecomunicaciones - Travieso Evans Arria &amp; Rengel","isPartOf":{"@id":"https:\/\/www.traviesoevans.com\/travieso\/#website"},"datePublished":"2019-09-13T03:52:29+00:00","dateModified":"2022-04-11T18:51:31+00:00","description":"En T&E Travieso Evans, somos especialistas en Telecomunicaciones","breadcrumb":{"@id":"https:\/\/www.traviesoevans.com\/travieso\/telecomunicaciones\/#breadcrumb"},"inLanguage":"es","potentialAction":[{"@type":"ReadAction","target":["https:\/\/www.traviesoevans.com\/travieso\/telecomunicaciones\/"]}]},{"@type":"BreadcrumbList","@id":"https:\/\/www.traviesoevans.com\/travieso\/telecomunicaciones\/#breadcrumb","itemListElement":[{"@type":"ListItem","position":1,"name":"Cover page","item":"https:\/\/www.traviesoevans.com\/travieso\/"},{"@type":"ListItem","position":2,"name":"Telecomunicaciones"}]},{"@type":"WebSite","@id":"https:\/\/www.traviesoevans.com\/travieso\/#website","url":"https:\/\/www.traviesoevans.com\/travieso\/","name":"Travieso Evans Arria & Rengel","description":"La Firma de Abogados de Venezuela.","publisher":{"@id":"https:\/\/www.traviesoevans.com\/travieso\/#organization"},"potentialAction":[{"@type":"SearchAction","target":{"@type":"EntryPoint","urlTemplate":"https:\/\/www.traviesoevans.com\/travieso\/?s={search_term_string}"},"query-input":"required name=search_term_string"}],"inLanguage":"es"},{"@type":"Organization","@id":"https:\/\/www.traviesoevans.com\/travieso\/#organization","name":"T&E Travieso Evans Arria & Rengel","url":"https:\/\/www.traviesoevans.com\/travieso\/","logo":{"@type":"ImageObject","inLanguage":"es","@id":"https:\/\/www.traviesoevans.com\/travieso\/#\/schema\/logo\/image\/","url":"https:\/\/www.traviesoevans.com\/travieso\/wp-content\/uploads\/2020\/05\/logo-travieso-login.png","contentUrl":"https:\/\/www.traviesoevans.com\/travieso\/wp-content\/uploads\/2020\/05\/logo-travieso-login.png","width":84,"height":84,"caption":"T&E Travieso Evans Arria & Rengel"},"image":{"@id":"https:\/\/www.traviesoevans.com\/travieso\/#\/schema\/logo\/image\/"},"sameAs":["https:\/\/twitter.com\/traviesoevans","https:\/\/www.instagram.com\/traviesoevans\/","https:\/\/www.linkedin.com\/in\/travieso-evans-800302172\/"]}]}},"_links":{"self":[{"href":"https:\/\/www.traviesoevans.com\/travieso\/wp-json\/wp\/v2\/pages\/1926"}],"collection":[{"href":"https:\/\/www.traviesoevans.com\/travieso\/wp-json\/wp\/v2\/pages"}],"about":[{"href":"https:\/\/www.traviesoevans.com\/travieso\/wp-json\/wp\/v2\/types\/page"}],"author":[{"embeddable":true,"href":"https:\/\/www.traviesoevans.com\/travieso\/wp-json\/wp\/v2\/users\/4"}],"replies":[{"embeddable":true,"href":"https:\/\/www.traviesoevans.com\/travieso\/wp-json\/wp\/v2\/comments?post=1926"}],"version-history":[{"count":4,"href":"https:\/\/www.traviesoevans.com\/travieso\/wp-json\/wp\/v2\/pages\/1926\/revisions"}],"predecessor-version":[{"id":2167,"href":"https:\/\/www.traviesoevans.com\/travieso\/wp-json\/wp\/v2\/pages\/1926\/revisions\/2167"}],"wp:attachment":[{"href":"https:\/\/www.traviesoevans.com\/travieso\/wp-json\/wp\/v2\/media?parent=1926"}],"curies":[{"name":"wp","href":"https:\/\/api.w.org\/{rel}","templated":true}]}}