{"id":2135,"date":"2019-11-29T03:08:19","date_gmt":"2019-11-29T07:08:19","guid":{"rendered":"http:\/\/traviesoevans.com\/?page_id=2135"},"modified":"2022-04-08T10:01:14","modified_gmt":"2022-04-08T14:01:14","slug":"gaceta-oficial","status":"publish","type":"page","link":"https:\/\/www.traviesoevans.com\/travieso\/gaceta-oficial\/","title":{"rendered":"Gaceta Oficial"},"content":{"rendered":"[vc_row][vc_column width=\u00bb1\/6&#8243;][\/vc_column][vc_column width=\u00bb2\/3&#8243;][vc_column_text]\n<p style=\"text-align: center;\">Para acceder a la gaceta de su preferencia ubique el d\u00eda de su publicaci\u00f3n y pulse en el n\u00famero de la misma, <strong>en la ventana emergente deber\u00e1 hacer clic en el bot\u00f3n de LEER GACETA OFICIAL para verla en pantalla completa<\/strong>. En caso de requerir una gaceta en particular utilice el buscador a continuaci\u00f3n indicando mes y a\u00f1o de la publicaci\u00f3n.<\/p>\n[\/vc_column_text][vc_empty_space height=\u00bb20px\u00bb][vc_raw_html]JTVCbXlfY2FsZW5kYXIlMjBpZCUzRCUyMm15LWNhbGVuZGFyJTIyJTVE[\/vc_raw_html][\/vc_column][vc_column width=\u00bb1\/6&#8243;][\/vc_column][\/vc_row]\n","protected":false},"excerpt":{"rendered":"<p>[vc_row][vc_column width=\u00bb1\/6&#8243;][\/vc_column][vc_column width=\u00bb2\/3&#8243;][vc_column_text] Para acceder a la gaceta de su preferencia ubique el d\u00eda de su publicaci\u00f3n y pulse en el n\u00famero de la misma, en la ventana emergente deber\u00e1 hacer clic en el bot\u00f3n de LEER GACETA OFICIAL para verla en pantalla completa. En caso de requerir una gaceta en particular utilice el buscador&hellip;<\/p>\n","protected":false},"author":4,"featured_media":0,"parent":0,"menu_order":0,"comment_status":"closed","ping_status":"closed","template":"","meta":{"_mc_calendar":null},"yoast_head":"<!-- This site is optimized with the Yoast SEO plugin v20.1 - https:\/\/yoast.com\/wordpress\/plugins\/seo\/ -->\n<title>Gaceta Oficial - Travieso Evans Arria &amp; Rengel<\/title>\n<meta name=\"description\" content=\"Travieso Evans Arria &amp; Rengel Gaceta Oficial\" \/>\n<meta name=\"robots\" content=\"index, follow, max-snippet:-1, max-image-preview:large, max-video-preview:-1\" \/>\n<link rel=\"canonical\" href=\"https:\/\/www.traviesoevans.com\/travieso\/gaceta-oficial\/\" \/>\n<meta property=\"og:locale\" content=\"es_ES\" \/>\n<meta property=\"og:type\" content=\"article\" \/>\n<meta property=\"og:title\" content=\"Gaceta Oficial - Travieso Evans Arria &amp; Rengel\" \/>\n<meta property=\"og:description\" content=\"Travieso Evans Arria &amp; Rengel Gaceta Oficial\" \/>\n<meta property=\"og:url\" content=\"https:\/\/www.traviesoevans.com\/travieso\/gaceta-oficial\/\" \/>\n<meta property=\"og:site_name\" content=\"Travieso Evans Arria &amp; Rengel\" \/>\n<meta property=\"article:modified_time\" content=\"2022-04-08T14:01:14+00:00\" \/>\n<meta property=\"og:image\" content=\"https:\/\/www.traviesoevans.com\/travieso\/wp-content\/uploads\/2019\/05\/logo-traviesoevans-hd-v1.png\" \/>\n\t<meta property=\"og:image:width\" content=\"200\" \/>\n\t<meta property=\"og:image:height\" content=\"150\" \/>\n\t<meta property=\"og:image:type\" content=\"image\/png\" \/>\n<meta name=\"twitter:card\" content=\"summary_large_image\" \/>\n<meta name=\"twitter:site\" content=\"@traviesoevans\" \/>\n<meta name=\"twitter:label1\" content=\"Tiempo estimado de lectura\" \/>\n\t<meta name=\"twitter:data1\" content=\"1 minuto\" \/>\n<script type=\"application\/ld+json\" class=\"yoast-schema-graph\">{\"@context\":\"https:\/\/schema.org\",\"@graph\":[{\"@type\":\"WebPage\",\"@id\":\"https:\/\/www.traviesoevans.com\/travieso\/gaceta-oficial\/\",\"url\":\"https:\/\/www.traviesoevans.com\/travieso\/gaceta-oficial\/\",\"name\":\"Gaceta Oficial - Travieso Evans Arria &amp; Rengel\",\"isPartOf\":{\"@id\":\"https:\/\/www.traviesoevans.com\/travieso\/#website\"},\"datePublished\":\"2019-11-29T07:08:19+00:00\",\"dateModified\":\"2022-04-08T14:01:14+00:00\",\"description\":\"Travieso Evans Arria &amp; Rengel Gaceta Oficial\",\"breadcrumb\":{\"@id\":\"https:\/\/www.traviesoevans.com\/travieso\/gaceta-oficial\/#breadcrumb\"},\"inLanguage\":\"es\",\"potentialAction\":[{\"@type\":\"ReadAction\",\"target\":[\"https:\/\/www.traviesoevans.com\/travieso\/gaceta-oficial\/\"]}]},{\"@type\":\"BreadcrumbList\",\"@id\":\"https:\/\/www.traviesoevans.com\/travieso\/gaceta-oficial\/#breadcrumb\",\"itemListElement\":[{\"@type\":\"ListItem\",\"position\":1,\"name\":\"Cover page\",\"item\":\"https:\/\/www.traviesoevans.com\/travieso\/\"},{\"@type\":\"ListItem\",\"position\":2,\"name\":\"Gaceta Oficial\"}]},{\"@type\":\"WebSite\",\"@id\":\"https:\/\/www.traviesoevans.com\/travieso\/#website\",\"url\":\"https:\/\/www.traviesoevans.com\/travieso\/\",\"name\":\"Travieso Evans Arria & Rengel\",\"description\":\"La Firma de Abogados de Venezuela.\",\"publisher\":{\"@id\":\"https:\/\/www.traviesoevans.com\/travieso\/#organization\"},\"potentialAction\":[{\"@type\":\"SearchAction\",\"target\":{\"@type\":\"EntryPoint\",\"urlTemplate\":\"https:\/\/www.traviesoevans.com\/travieso\/?s={search_term_string}\"},\"query-input\":\"required name=search_term_string\"}],\"inLanguage\":\"es\"},{\"@type\":\"Organization\",\"@id\":\"https:\/\/www.traviesoevans.com\/travieso\/#organization\",\"name\":\"T&E Travieso Evans Arria & Rengel\",\"url\":\"https:\/\/www.traviesoevans.com\/travieso\/\",\"logo\":{\"@type\":\"ImageObject\",\"inLanguage\":\"es\",\"@id\":\"https:\/\/www.traviesoevans.com\/travieso\/#\/schema\/logo\/image\/\",\"url\":\"https:\/\/www.traviesoevans.com\/travieso\/wp-content\/uploads\/2020\/05\/logo-travieso-login.png\",\"contentUrl\":\"https:\/\/www.traviesoevans.com\/travieso\/wp-content\/uploads\/2020\/05\/logo-travieso-login.png\",\"width\":84,\"height\":84,\"caption\":\"T&E Travieso Evans Arria & Rengel\"},\"image\":{\"@id\":\"https:\/\/www.traviesoevans.com\/travieso\/#\/schema\/logo\/image\/\"},\"sameAs\":[\"https:\/\/twitter.com\/traviesoevans\",\"https:\/\/www.instagram.com\/traviesoevans\/\",\"https:\/\/www.linkedin.com\/in\/travieso-evans-800302172\/\"]}]}<\/script>\n<!-- \/ Yoast SEO plugin. -->","yoast_head_json":{"title":"Gaceta Oficial - Travieso Evans Arria &amp; Rengel","description":"Travieso Evans Arria &amp; Rengel Gaceta Oficial","robots":{"index":"index","follow":"follow","max-snippet":"max-snippet:-1","max-image-preview":"max-image-preview:large","max-video-preview":"max-video-preview:-1"},"canonical":"https:\/\/www.traviesoevans.com\/travieso\/gaceta-oficial\/","og_locale":"es_ES","og_type":"article","og_title":"Gaceta Oficial - Travieso Evans Arria &amp; Rengel","og_description":"Travieso Evans Arria &amp; Rengel Gaceta Oficial","og_url":"https:\/\/www.traviesoevans.com\/travieso\/gaceta-oficial\/","og_site_name":"Travieso Evans Arria &amp; Rengel","article_modified_time":"2022-04-08T14:01:14+00:00","og_image":[{"width":200,"height":150,"url":"https:\/\/www.traviesoevans.com\/travieso\/wp-content\/uploads\/2019\/05\/logo-traviesoevans-hd-v1.png","type":"image\/png"}],"twitter_card":"summary_large_image","twitter_site":"@traviesoevans","twitter_misc":{"Tiempo estimado de lectura":"1 minuto"},"schema":{"@context":"https:\/\/schema.org","@graph":[{"@type":"WebPage","@id":"https:\/\/www.traviesoevans.com\/travieso\/gaceta-oficial\/","url":"https:\/\/www.traviesoevans.com\/travieso\/gaceta-oficial\/","name":"Gaceta Oficial - Travieso Evans Arria &amp; Rengel","isPartOf":{"@id":"https:\/\/www.traviesoevans.com\/travieso\/#website"},"datePublished":"2019-11-29T07:08:19+00:00","dateModified":"2022-04-08T14:01:14+00:00","description":"Travieso Evans Arria &amp; Rengel Gaceta Oficial","breadcrumb":{"@id":"https:\/\/www.traviesoevans.com\/travieso\/gaceta-oficial\/#breadcrumb"},"inLanguage":"es","potentialAction":[{"@type":"ReadAction","target":["https:\/\/www.traviesoevans.com\/travieso\/gaceta-oficial\/"]}]},{"@type":"BreadcrumbList","@id":"https:\/\/www.traviesoevans.com\/travieso\/gaceta-oficial\/#breadcrumb","itemListElement":[{"@type":"ListItem","position":1,"name":"Cover page","item":"https:\/\/www.traviesoevans.com\/travieso\/"},{"@type":"ListItem","position":2,"name":"Gaceta Oficial"}]},{"@type":"WebSite","@id":"https:\/\/www.traviesoevans.com\/travieso\/#website","url":"https:\/\/www.traviesoevans.com\/travieso\/","name":"Travieso Evans Arria & Rengel","description":"La Firma de Abogados de Venezuela.","publisher":{"@id":"https:\/\/www.traviesoevans.com\/travieso\/#organization"},"potentialAction":[{"@type":"SearchAction","target":{"@type":"EntryPoint","urlTemplate":"https:\/\/www.traviesoevans.com\/travieso\/?s={search_term_string}"},"query-input":"required name=search_term_string"}],"inLanguage":"es"},{"@type":"Organization","@id":"https:\/\/www.traviesoevans.com\/travieso\/#organization","name":"T&E Travieso Evans Arria & Rengel","url":"https:\/\/www.traviesoevans.com\/travieso\/","logo":{"@type":"ImageObject","inLanguage":"es","@id":"https:\/\/www.traviesoevans.com\/travieso\/#\/schema\/logo\/image\/","url":"https:\/\/www.traviesoevans.com\/travieso\/wp-content\/uploads\/2020\/05\/logo-travieso-login.png","contentUrl":"https:\/\/www.traviesoevans.com\/travieso\/wp-content\/uploads\/2020\/05\/logo-travieso-login.png","width":84,"height":84,"caption":"T&E Travieso Evans Arria & Rengel"},"image":{"@id":"https:\/\/www.traviesoevans.com\/travieso\/#\/schema\/logo\/image\/"},"sameAs":["https:\/\/twitter.com\/traviesoevans","https:\/\/www.instagram.com\/traviesoevans\/","https:\/\/www.linkedin.com\/in\/travieso-evans-800302172\/"]}]}},"_links":{"self":[{"href":"https:\/\/www.traviesoevans.com\/travieso\/wp-json\/wp\/v2\/pages\/2135"}],"collection":[{"href":"https:\/\/www.traviesoevans.com\/travieso\/wp-json\/wp\/v2\/pages"}],"about":[{"href":"https:\/\/www.traviesoevans.com\/travieso\/wp-json\/wp\/v2\/types\/page"}],"author":[{"embeddable":true,"href":"https:\/\/www.traviesoevans.com\/travieso\/wp-json\/wp\/v2\/users\/4"}],"replies":[{"embeddable":true,"href":"https:\/\/www.traviesoevans.com\/travieso\/wp-json\/wp\/v2\/comments?post=2135"}],"version-history":[{"count":10,"href":"https:\/\/www.traviesoevans.com\/travieso\/wp-json\/wp\/v2\/pages\/2135\/revisions"}],"predecessor-version":[{"id":2266,"href":"https:\/\/www.traviesoevans.com\/travieso\/wp-json\/wp\/v2\/pages\/2135\/revisions\/2266"}],"wp:attachment":[{"href":"https:\/\/www.traviesoevans.com\/travieso\/wp-json\/wp\/v2\/media?parent=2135"}],"curies":[{"name":"wp","href":"https:\/\/api.w.org\/{rel}","templated":true}]}}