{"id":4730,"date":"2022-04-11T09:26:09","date_gmt":"2022-04-11T13:26:09","guid":{"rendered":"https:\/\/www.traviesoevans.com\/travieso\/?page_id=4730"},"modified":"2024-01-23T10:53:26","modified_gmt":"2024-01-23T14:53:26","slug":"our-firm","status":"publish","type":"page","link":"https:\/\/www.traviesoevans.com\/travieso\/en\/our-firm\/","title":{"rendered":"Our Firm"},"content":{"rendered":"[vc_row bg_type=\u00bbgrad\u00bb bg_override=\u00bbfull\u00bb css=\u00bb.vc_custom_1563999371561{margin-top: -50px !important;margin-bottom: -50px !important;}\u00bb bg_grad=\u00bbbackground: -webkit-gradient(linear, left top, left bottom, color-stop(0%, #FFFFFF), color-stop(100%, #CFCFCF));background: -moz-linear-gradient(top,#FFFFFF 0%,#CFCFCF 100%);background: -webkit-linear-gradient(top,#FFFFFF 0%,#CFCFCF 100%);background: -o-linear-gradient(top,#FFFFFF 0%,#CFCFCF 100%);background: -ms-linear-gradient(top,#FFFFFF 0%,#CFCFCF 100%);background: linear-gradient(top,#FFFFFF 0%,#CFCFCF 100%);\u00bb][vc_column width=\u00bb1\/6&#8243;][\/vc_column][vc_column width=\u00bb2\/3&#8243;][vc_empty_space][vc_column_text]\n<p style=\"text-align: justify;\"><strong><span style=\"color: #7e9437;\">\u00a0\u00a0\u00a0\u00a0<\/span><\/strong><\/p>\n<div class=\"wpb_text_column wpb_content_element\">\n<div class=\"wpb_wrapper\">\n<p><span style=\"color: #7e9437;\"><strong> Travieso Evans Arria &amp; Rengel <\/strong><\/span>was founded in 1929. Its founder was Dr. Jos\u00e9 Mar\u00eda Travieso Paul, who associated with one of the most renowned law firms at the time in New York, specialized in Latin American mining and petroleum law.<\/p>\n<p>The firm originally specialized in petroleum law and branched into mining law in representing U.S. Steel in the development of the famous Cerro Bol\u00edvar iron mountain complex and its Puerto Ordaz project. Over the years, it has also developed a strong practice in general corporate, tax, labor, civil, administrative and regulatory, litigation and arbitration areas.<\/p>\n<p><span style=\"color: #7e9437;\"><strong>Travieso Evans Arria &amp; Rengel <\/strong><\/span>maintains offices in the cities of Caracas, Maracaibo, Valencia, Barquisimeto, and Puerto La Cruz. It is also associated with other law firms in Latin America and Europe and is a member of the prestigious \u00abClub de Abogados\u00bb and \u201cTAGLaw\u201d. For several consecutive years, Travieso Evans Arria Rengel &amp; Paz and its partners have been recognized among the most important providers of legal services in the country by Chambers Latin America, Latin Lawyer, and other similar publications.<\/p>\n<p>The Firm has also created an affiliate, TEHAR, s.c., which offers all services related to the registration and management of intellectual property and electronic commerce. TEHAR, S.C. is a member of the International Trademark Association (INTA), the Interamerican Intellectual Property Association (ASIPI), and the International Association for the Protection of Intellectual Property (AIPPI). TEHAR and its principal partner have been included by Chambers &amp; Partners, since 2010, and the World Trademark Review (WTR) among the principal law firms in the field of intellectual property.<\/p>\n<\/div>\n<\/div>\n<p style=\"text-align: justify;\"><strong><span style=\"color: #7e9437;\">\u00a0<\/span><\/strong><\/p>\n[\/vc_column_text][vc_empty_space height=\u00bb50px\u00bb][\/vc_column][vc_column width=\u00bb1\/6&#8243;][\/vc_column][\/vc_row][vc_row full_width=\u00bbstretch_row_content_no_spaces\u00bb css=\u00bb.vc_custom_1564028268788{border-bottom-width: -50px !important;}\u00bb][vc_column]<div id=\"ultimate-video-841969daefd03621d\" class=\"ult-video  vc_custom_1649683452409 ult-adjust-bottom-margin ultimate-video-841969daefd03621d ultv-7265 \"><div class=\"ultv-video ultv-aspect-ratio-16_9 ultv-subscribe-responsive-none\" data-videotype=\"uv_iframe\">\n\t\t\t\t\t\t<div class=\"ultv-video__outer-wrap\" data-autoplay=\"0\" data-device=\"false\"  data-iconbg=\"#3A3A3A\" data-overcolor=\"\" data-defaultbg=\"#1f1f1e\" data-defaultplay=\"defaulticon\"><div class=\"ultv-video__play\" data-src=\"https:\/\/www.youtube-nocookie.com\/embed\/MIErkPiMqiA?rel=0&amp;start&amp;end&amp;controls=1&amp;mute=0&amp;modestbranding=1&amp;autoplay=1\">\n\t\t\t\t\t\t\t\t<img class=\"ultv-video__thumb\" src=\"https:\/\/i.ytimg.com\/vi\/MIErkPiMqiA\/maxresdefault.jpg\"\/>\n\t\t\t\t\t\t\t\t<div class=\"ultv-video__play-icon  ultv-animation-none\" style=\"width:75px\"><svg height=\"100%\" version=\"1.1\" viewBox=\"0 0 68 48\" width=\"100%\"><path class=\"ultv-youtube-icon-bg\" d=\"m .66,37.62 c 0,0 .66,4.70 2.70,6.77 2.58,2.71 5.98,2.63 7.49,2.91 5.43,.52 23.10,.68 23.12,.68 .00,-1.3e-5 14.29,-0.02 23.81,-0.71 1.32,-0.15 4.22,-0.17 6.81,-2.89 2.03,-2.07 2.70,-6.77 2.70,-6.77 0,0 .67,-5.52 .67,-11.04 l 0,-5.17 c 0,-5.52 -0.67,-11.04 -0.67,-11.04 0,0 -0.66,-4.70 -2.70,-6.77 C 62.03,.86 59.13,.84 57.80,.69 48.28,0 34.00,0 34.00,0 33.97,0 19.69,0 10.18,.69 8.85,.84 5.95,.86 3.36,3.58 1.32,5.65 .66,10.35 .66,10.35 c 0,0 -0.55,4.50 -0.66,9.45 l 0,8.36 c .10,4.94 .66,9.45 .66,9.45 z\" fill=\"#1f1f1e\" ><\/path><path d=\"m 26.96,13.67 18.37,9.62 -18.37,9.55 -0.00,-19.17 z\" fill=\"#fff\"><\/path><path d=\"M 45.02,23.46 45.32,23.28 26.96,13.67 43.32,22.34 45.02,23.46 z\" fill=\"#ccc\"><\/path><\/svg><\/div> <\/div> <\/div><\/div><\/div>[\/vc_column][\/vc_row][vc_row bg_type=\u00bbbg_color\u00bb bg_override=\u00bbex-full\u00bb css=\u00bb.vc_custom_1587689067578{margin-bottom: 0px !important;}\u00bb bg_color_value=\u00bb#cfcfcf\u00bb][vc_column][vc_empty_space height=\u00bb50px\u00bb][vc_btn title=\u00bbBack to home\u00bb color=\u00bbgreen\u00bb align=\u00bbcenter\u00bb css_animation=\u00bbfadeInUp\u00bb smooth_scroll=\u00bbtrue\u00bb link=\u00bburl:https%3A%2F%2Fwww.traviesoevans.com%2Ftravieso%2Fen%2Fhome-page%2F|title:Home%20Page\u00bb][vc_empty_space height=\u00bb50px\u00bb][\/vc_column][\/vc_row]\n","protected":false},"excerpt":{"rendered":"<p>[vc_row bg_type=\u00bbgrad\u00bb bg_override=\u00bbfull\u00bb css=\u00bb.vc_custom_1563999371561{margin-top: -50px !important;margin-bottom: -50px !important;}\u00bb bg_grad=\u00bbbackground: -webkit-gradient(linear, left top, left bottom, color-stop(0%, #FFFFFF), color-stop(100%, #CFCFCF));background: -moz-linear-gradient(top,#FFFFFF 0%,#CFCFCF 100%);background: -webkit-linear-gradient(top,#FFFFFF 0%,#CFCFCF 100%);background: -o-linear-gradient(top,#FFFFFF 0%,#CFCFCF 100%);background: -ms-linear-gradient(top,#FFFFFF 0%,#CFCFCF 100%);background: linear-gradient(top,#FFFFFF 0%,#CFCFCF 100%);\u00bb][vc_column width=\u00bb1\/6&#8243;][\/vc_column][vc_column width=\u00bb2\/3&#8243;][vc_empty_space][vc_column_text] \u00a0\u00a0\u00a0\u00a0 Travieso Evans Arria &amp; Rengel was founded in 1929. Its founder was Dr. Jos\u00e9 Mar\u00eda Travieso Paul, who associated&hellip;<\/p>\n","protected":false},"author":4,"featured_media":0,"parent":0,"menu_order":0,"comment_status":"closed","ping_status":"open","template":"","meta":{"_mc_calendar":[]},"yoast_head":"<!-- This site is optimized with the Yoast SEO plugin v20.1 - https:\/\/yoast.com\/wordpress\/plugins\/seo\/ -->\n<title>Our Firm - Travieso Evans Arria &amp; Rengel<\/title>\n<meta name=\"description\" content=\"Travieso Evans Arria &amp; Rengel Our Firm cuenta con oficinas propias en las ciudades de Caracas, Maracaibo, Valencia, Barquisimeto y Puerto La Cruz, y est\u00e1 asociada con otros escritorios jur\u00eddicos de Am\u00e9rica Latina y Europa, formando parte del prestigioso \u00abClub de Abogados\u00bb y TAGLaw. Por varios a\u00f1os consecutivos, Travieso Evans Arria Rengel &amp; Paz y sus socios han sido reconocidos dentro de los principales prestadores de servicios jur\u00eddicos en Venezuela por Chambers &amp; Partners, Latin Lawyer y otras publicaciones similares.\" \/>\n<meta name=\"robots\" content=\"index, follow, max-snippet:-1, max-image-preview:large, max-video-preview:-1\" \/>\n<link rel=\"canonical\" href=\"https:\/\/www.traviesoevans.com\/travieso\/en\/our-firm\/\" \/>\n<meta property=\"og:locale\" content=\"es_ES\" \/>\n<meta property=\"og:type\" content=\"article\" \/>\n<meta property=\"og:title\" content=\"Our Firm - Travieso Evans Arria &amp; Rengel\" \/>\n<meta property=\"og:description\" content=\"Travieso Evans Arria &amp; Rengel Our Firm cuenta con oficinas propias en las ciudades de Caracas, Maracaibo, Valencia, Barquisimeto y Puerto La Cruz, y est\u00e1 asociada con otros escritorios jur\u00eddicos de Am\u00e9rica Latina y Europa, formando parte del prestigioso \u00abClub de Abogados\u00bb y TAGLaw. Por varios a\u00f1os consecutivos, Travieso Evans Arria Rengel &amp; Paz y sus socios han sido reconocidos dentro de los principales prestadores de servicios jur\u00eddicos en Venezuela por Chambers &amp; Partners, Latin Lawyer y otras publicaciones similares.\" \/>\n<meta property=\"og:url\" content=\"https:\/\/www.traviesoevans.com\/travieso\/en\/our-firm\/\" \/>\n<meta property=\"og:site_name\" content=\"Travieso Evans Arria &amp; Rengel\" \/>\n<meta property=\"article:modified_time\" content=\"2024-01-23T14:53:26+00:00\" \/>\n<meta property=\"og:image\" content=\"https:\/\/www.traviesoevans.com\/travieso\/wp-content\/uploads\/2019\/05\/logo-traviesoevans-hd-v1.png\" \/>\n\t<meta property=\"og:image:width\" content=\"200\" \/>\n\t<meta property=\"og:image:height\" content=\"150\" \/>\n\t<meta property=\"og:image:type\" content=\"image\/png\" \/>\n<meta name=\"twitter:card\" content=\"summary_large_image\" \/>\n<meta name=\"twitter:site\" content=\"@traviesoevans\" \/>\n<meta name=\"twitter:label1\" content=\"Tiempo estimado de lectura\" \/>\n\t<meta name=\"twitter:data1\" content=\"2 minutos\" \/>\n<script type=\"application\/ld+json\" class=\"yoast-schema-graph\">{\"@context\":\"https:\/\/schema.org\",\"@graph\":[{\"@type\":\"WebPage\",\"@id\":\"https:\/\/www.traviesoevans.com\/travieso\/en\/our-firm\/\",\"url\":\"https:\/\/www.traviesoevans.com\/travieso\/en\/our-firm\/\",\"name\":\"Our Firm - Travieso Evans Arria &amp; Rengel\",\"isPartOf\":{\"@id\":\"https:\/\/www.traviesoevans.com\/travieso\/#website\"},\"datePublished\":\"2022-04-11T13:26:09+00:00\",\"dateModified\":\"2024-01-23T14:53:26+00:00\",\"description\":\"Travieso Evans Arria &amp; Rengel Our Firm cuenta con oficinas propias en las ciudades de Caracas, Maracaibo, Valencia, Barquisimeto y Puerto La Cruz, y est\u00e1 asociada con otros escritorios jur\u00eddicos de Am\u00e9rica Latina y Europa, formando parte del prestigioso \u00abClub de Abogados\u00bb y TAGLaw. Por varios a\u00f1os consecutivos, Travieso Evans Arria Rengel & Paz y sus socios han sido reconocidos dentro de los principales prestadores de servicios jur\u00eddicos en Venezuela por Chambers & Partners, Latin Lawyer y otras publicaciones similares.\",\"breadcrumb\":{\"@id\":\"https:\/\/www.traviesoevans.com\/travieso\/en\/our-firm\/#breadcrumb\"},\"inLanguage\":\"es\",\"potentialAction\":[{\"@type\":\"ReadAction\",\"target\":[\"https:\/\/www.traviesoevans.com\/travieso\/en\/our-firm\/\"]}]},{\"@type\":\"BreadcrumbList\",\"@id\":\"https:\/\/www.traviesoevans.com\/travieso\/en\/our-firm\/#breadcrumb\",\"itemListElement\":[{\"@type\":\"ListItem\",\"position\":1,\"name\":\"Cover page\",\"item\":\"https:\/\/www.traviesoevans.com\/travieso\/\"},{\"@type\":\"ListItem\",\"position\":2,\"name\":\"Our Firm\"}]},{\"@type\":\"WebSite\",\"@id\":\"https:\/\/www.traviesoevans.com\/travieso\/#website\",\"url\":\"https:\/\/www.traviesoevans.com\/travieso\/\",\"name\":\"Travieso Evans Arria & Rengel\",\"description\":\"La Firma de Abogados de Venezuela.\",\"publisher\":{\"@id\":\"https:\/\/www.traviesoevans.com\/travieso\/#organization\"},\"potentialAction\":[{\"@type\":\"SearchAction\",\"target\":{\"@type\":\"EntryPoint\",\"urlTemplate\":\"https:\/\/www.traviesoevans.com\/travieso\/?s={search_term_string}\"},\"query-input\":\"required name=search_term_string\"}],\"inLanguage\":\"es\"},{\"@type\":\"Organization\",\"@id\":\"https:\/\/www.traviesoevans.com\/travieso\/#organization\",\"name\":\"T&E Travieso Evans Arria & Rengel\",\"url\":\"https:\/\/www.traviesoevans.com\/travieso\/\",\"logo\":{\"@type\":\"ImageObject\",\"inLanguage\":\"es\",\"@id\":\"https:\/\/www.traviesoevans.com\/travieso\/#\/schema\/logo\/image\/\",\"url\":\"https:\/\/www.traviesoevans.com\/travieso\/wp-content\/uploads\/2020\/05\/logo-travieso-login.png\",\"contentUrl\":\"https:\/\/www.traviesoevans.com\/travieso\/wp-content\/uploads\/2020\/05\/logo-travieso-login.png\",\"width\":84,\"height\":84,\"caption\":\"T&E Travieso Evans Arria & Rengel\"},\"image\":{\"@id\":\"https:\/\/www.traviesoevans.com\/travieso\/#\/schema\/logo\/image\/\"},\"sameAs\":[\"https:\/\/twitter.com\/traviesoevans\",\"https:\/\/www.instagram.com\/traviesoevans\/\",\"https:\/\/www.linkedin.com\/in\/travieso-evans-800302172\/\"]}]}<\/script>\n<!-- \/ Yoast SEO plugin. -->","yoast_head_json":{"title":"Our Firm - Travieso Evans Arria &amp; Rengel","description":"Travieso Evans Arria &amp; Rengel Our Firm cuenta con oficinas propias en las ciudades de Caracas, Maracaibo, Valencia, Barquisimeto y Puerto La Cruz, y est\u00e1 asociada con otros escritorios jur\u00eddicos de Am\u00e9rica Latina y Europa, formando parte del prestigioso \u00abClub de Abogados\u00bb y TAGLaw. Por varios a\u00f1os consecutivos, Travieso Evans Arria Rengel & Paz y sus socios han sido reconocidos dentro de los principales prestadores de servicios jur\u00eddicos en Venezuela por Chambers & Partners, Latin Lawyer y otras publicaciones similares.","robots":{"index":"index","follow":"follow","max-snippet":"max-snippet:-1","max-image-preview":"max-image-preview:large","max-video-preview":"max-video-preview:-1"},"canonical":"https:\/\/www.traviesoevans.com\/travieso\/en\/our-firm\/","og_locale":"es_ES","og_type":"article","og_title":"Our Firm - Travieso Evans Arria &amp; Rengel","og_description":"Travieso Evans Arria &amp; Rengel Our Firm cuenta con oficinas propias en las ciudades de Caracas, Maracaibo, Valencia, Barquisimeto y Puerto La Cruz, y est\u00e1 asociada con otros escritorios jur\u00eddicos de Am\u00e9rica Latina y Europa, formando parte del prestigioso \u00abClub de Abogados\u00bb y TAGLaw. Por varios a\u00f1os consecutivos, Travieso Evans Arria Rengel & Paz y sus socios han sido reconocidos dentro de los principales prestadores de servicios jur\u00eddicos en Venezuela por Chambers & Partners, Latin Lawyer y otras publicaciones similares.","og_url":"https:\/\/www.traviesoevans.com\/travieso\/en\/our-firm\/","og_site_name":"Travieso Evans Arria &amp; Rengel","article_modified_time":"2024-01-23T14:53:26+00:00","og_image":[{"width":200,"height":150,"url":"https:\/\/www.traviesoevans.com\/travieso\/wp-content\/uploads\/2019\/05\/logo-traviesoevans-hd-v1.png","type":"image\/png"}],"twitter_card":"summary_large_image","twitter_site":"@traviesoevans","twitter_misc":{"Tiempo estimado de lectura":"2 minutos"},"schema":{"@context":"https:\/\/schema.org","@graph":[{"@type":"WebPage","@id":"https:\/\/www.traviesoevans.com\/travieso\/en\/our-firm\/","url":"https:\/\/www.traviesoevans.com\/travieso\/en\/our-firm\/","name":"Our Firm - Travieso Evans Arria &amp; Rengel","isPartOf":{"@id":"https:\/\/www.traviesoevans.com\/travieso\/#website"},"datePublished":"2022-04-11T13:26:09+00:00","dateModified":"2024-01-23T14:53:26+00:00","description":"Travieso Evans Arria &amp; Rengel Our Firm cuenta con oficinas propias en las ciudades de Caracas, Maracaibo, Valencia, Barquisimeto y Puerto La Cruz, y est\u00e1 asociada con otros escritorios jur\u00eddicos de Am\u00e9rica Latina y Europa, formando parte del prestigioso \u00abClub de Abogados\u00bb y TAGLaw. Por varios a\u00f1os consecutivos, Travieso Evans Arria Rengel & Paz y sus socios han sido reconocidos dentro de los principales prestadores de servicios jur\u00eddicos en Venezuela por Chambers & Partners, Latin Lawyer y otras publicaciones similares.","breadcrumb":{"@id":"https:\/\/www.traviesoevans.com\/travieso\/en\/our-firm\/#breadcrumb"},"inLanguage":"es","potentialAction":[{"@type":"ReadAction","target":["https:\/\/www.traviesoevans.com\/travieso\/en\/our-firm\/"]}]},{"@type":"BreadcrumbList","@id":"https:\/\/www.traviesoevans.com\/travieso\/en\/our-firm\/#breadcrumb","itemListElement":[{"@type":"ListItem","position":1,"name":"Cover page","item":"https:\/\/www.traviesoevans.com\/travieso\/"},{"@type":"ListItem","position":2,"name":"Our Firm"}]},{"@type":"WebSite","@id":"https:\/\/www.traviesoevans.com\/travieso\/#website","url":"https:\/\/www.traviesoevans.com\/travieso\/","name":"Travieso Evans Arria & Rengel","description":"La Firma de Abogados de Venezuela.","publisher":{"@id":"https:\/\/www.traviesoevans.com\/travieso\/#organization"},"potentialAction":[{"@type":"SearchAction","target":{"@type":"EntryPoint","urlTemplate":"https:\/\/www.traviesoevans.com\/travieso\/?s={search_term_string}"},"query-input":"required name=search_term_string"}],"inLanguage":"es"},{"@type":"Organization","@id":"https:\/\/www.traviesoevans.com\/travieso\/#organization","name":"T&E Travieso Evans Arria & Rengel","url":"https:\/\/www.traviesoevans.com\/travieso\/","logo":{"@type":"ImageObject","inLanguage":"es","@id":"https:\/\/www.traviesoevans.com\/travieso\/#\/schema\/logo\/image\/","url":"https:\/\/www.traviesoevans.com\/travieso\/wp-content\/uploads\/2020\/05\/logo-travieso-login.png","contentUrl":"https:\/\/www.traviesoevans.com\/travieso\/wp-content\/uploads\/2020\/05\/logo-travieso-login.png","width":84,"height":84,"caption":"T&E Travieso Evans Arria & Rengel"},"image":{"@id":"https:\/\/www.traviesoevans.com\/travieso\/#\/schema\/logo\/image\/"},"sameAs":["https:\/\/twitter.com\/traviesoevans","https:\/\/www.instagram.com\/traviesoevans\/","https:\/\/www.linkedin.com\/in\/travieso-evans-800302172\/"]}]}},"_links":{"self":[{"href":"https:\/\/www.traviesoevans.com\/travieso\/wp-json\/wp\/v2\/pages\/4730"}],"collection":[{"href":"https:\/\/www.traviesoevans.com\/travieso\/wp-json\/wp\/v2\/pages"}],"about":[{"href":"https:\/\/www.traviesoevans.com\/travieso\/wp-json\/wp\/v2\/types\/page"}],"author":[{"embeddable":true,"href":"https:\/\/www.traviesoevans.com\/travieso\/wp-json\/wp\/v2\/users\/4"}],"replies":[{"embeddable":true,"href":"https:\/\/www.traviesoevans.com\/travieso\/wp-json\/wp\/v2\/comments?post=4730"}],"version-history":[{"count":5,"href":"https:\/\/www.traviesoevans.com\/travieso\/wp-json\/wp\/v2\/pages\/4730\/revisions"}],"predecessor-version":[{"id":6913,"href":"https:\/\/www.traviesoevans.com\/travieso\/wp-json\/wp\/v2\/pages\/4730\/revisions\/6913"}],"wp:attachment":[{"href":"https:\/\/www.traviesoevans.com\/travieso\/wp-json\/wp\/v2\/media?parent=4730"}],"curies":[{"name":"wp","href":"https:\/\/api.w.org\/{rel}","templated":true}]}}